{"id":9,"date":"2017-01-17T12:40:05","date_gmt":"2017-01-17T12:40:05","guid":{"rendered":"http:\/\/www.salustetic.es\/wp\/?page_id=9"},"modified":"2026-05-06T09:52:33","modified_gmt":"2026-05-06T07:52:33","slug":"agency","status":"publish","type":"page","link":"https:\/\/www.salustetic.es\/","title":{"rendered":"Inicio"},"content":{"rendered":"<p><section class=\"fw-main-row\" style=\"\">\r\n\t<div class=\"fw-container-fluid disable-padding\">\r\n\t\t<div class=\"fw-row\">\n\t\t<div class=\"fw-col-xs-12\" style=\"\">\r\n\t\t\r\n\r\r\n\r\n\r\r\n<!-- Banner block -->\r\r\n<div class=\"banner banner-block-69fb20b17cfcd  full-screen owl-carousel fw-main-row\">\r\r\n\t\r\n\t<div class=\"item dark-bg tal\" style=\"background-image: url(\/\/www.salustetic.es\/wp-content\/uploads\/2018\/05\/slide1-scaled.jpg);\">\r\r\n\t\t<div class=\"centered-container fw-container\">\r\r\n\t\t\t<h1 class=\"uppercase\">SaluStetic<\/h1>\r\r\n\t\t\t\r\n\t\t\t<p class=\"uppercase\">El Portal de Medicina Est\u00e9tica <br>de Barcelona<\/p>\r\r\n\t\t\t\r\n\t\t<\/div>\r\r\n\t<\/div>\r\r\n\t\r\n\t<div class=\"item tar\" style=\"background-image: url(\/\/www.salustetic.es\/wp-content\/uploads\/2018\/05\/slide2-scaled.jpg);\">\r\r\n\t\t<div class=\"centered-container fw-container\">\r\r\n\t\t\t<h1 class=\"uppercase\">Medicina Est\u00e9tica<\/h1>\r\r\n\t\t\t\r\n\t\t\t<p class=\"uppercase\">Los tratamientos m\u00e1s actuales <br> con los mejores precios<\/p>\r\r\n\t\t\t\r\n\t\t<\/div>\r\r\n\t<\/div>\r\r\n\t\r\n<\/div>\r\r\n<!-- END Banner block -->\t<\/div>\r\n<\/div>\n\n\t<\/div>\r\n<\/section>\r\n<section class=\"fw-main-row\" style=\"padding-top:60px;padding-bottom:30px;&quot;\">\r\n\t<div class=\"fw-container\">\r\n\t\t<div class=\"fw-row\">\n\t\t\r\n\t<!-- Side image -->\r\n\t<div class=\"fw-col-xs-12 fw-col-sm-8\" style=\"\">\r\n\t\t<div class=\"image-decor\"><img width=\"1206\" height=\"1054\" src=\"https:\/\/www.salustetic.es\/wp-content\/uploads\/2018\/07\/aboutportada-copia-3-1.jpg\" class=\"attachment- size-\" alt=\"\" loading=\"lazy\" srcset=\"https:\/\/www.salustetic.es\/wp-content\/uploads\/2018\/07\/aboutportada-copia-3-1.jpg 1206w, https:\/\/www.salustetic.es\/wp-content\/uploads\/2018\/07\/aboutportada-copia-3-1-300x262.jpg 300w, https:\/\/www.salustetic.es\/wp-content\/uploads\/2018\/07\/aboutportada-copia-3-1-1024x895.jpg 1024w, https:\/\/www.salustetic.es\/wp-content\/uploads\/2018\/07\/aboutportada-copia-3-1-600x524.jpg 600w, https:\/\/www.salustetic.es\/wp-content\/uploads\/2018\/07\/aboutportada-copia-3-1-600x524@2x.jpg 1200w\" sizes=\"(max-width: 1206px) 100vw, 1206px\" \/><\/div>\r\n\t<\/div>\r\n\t<!-- END Side image -->\r\n\t<div class=\"fw-col-xs-12 fw-col-sm-4\" style=\"\">\r\n\t\t\r\n\r\n<div class=\"heading-decor uppercase\"  style=''>\r\n\t\t<h2>conoce<br>SaluStetic<\/h2>\r\n<\/div>\t\t<div class=\"fw-row\">\r\n\t\t\t\t<div class=\"icon-box2 fw-col-xs-12 fw-col-sm-6 fw-col-md-6 \">\r\n\t\t\t\t\t\t<i class=\"iconfont-checked-1\"><\/i>\r\n\t\t\t\t\t\t<div class=\"name\">PROFESIONALIDAD<\/div>\r\n\t\t\t\t\t\t<p>Nuestros Profesionales cualificados estan en constante actualizaci\u00f3n.<\/p>\r\n\t\t\t\t\t<\/div>\r\n\t\t\t\t<div class=\"icon-box2 fw-col-xs-12 fw-col-sm-6 fw-col-md-6 \">\r\n\t\t\t\t\t\t<i class=\"iconfont2-like-2\"><\/i>\r\n\t\t\t\t\t\t<div class=\"name\">VERACIDAD<\/div>\r\n\t\t\t\t\t\t<p>Ofrecemos un servicio sanitario \u00edntegramente destinado a la belleza, a la armon\u00eda y a la imagen personal.<\/p>\r\n\t\t\t\t\t<\/div>\r\n\t\t\t\t<div class=\"icon-box2 fw-col-xs-12 fw-col-sm-6 fw-col-md-6 \">\r\n\t\t\t\t\t\t<i class=\"iconfont2-like2\"><\/i>\r\n\t\t\t\t\t\t<div class=\"name\">PRECIOS COMPETITIVOS<\/div>\r\n\t\t\t\t\t\t<p>Nos ajustamos a los tiempos siempre con los est\u00e1ndares de m\u00e1xima calidad.<\/p>\r\n\t\t\t\t\t<\/div>\r\n\t\t\t\t<div class=\"icon-box2 fw-col-xs-12 fw-col-sm-6 fw-col-md-6 \">\r\n\t\t\t\t\t\t<i class=\"iconfont-happy-1\"><\/i>\r\n\t\t\t\t\t\t<div class=\"name\">TRATO DIRECTO<\/div>\r\n\t\t\t\t\t\t<p>Siempre en contacto con el profesional.SIN INTERMEDIARIOS.<\/p>\r\n\t\t\t\t\t<\/div>\r\n\t\t\t<\/div>\r\n\t<\/div>\r\n<\/div>\n\n\t<\/div>\r\n<\/section>\r\n<section id=\"Cirugia\" class=\"fw-main-row\" style=\"\">\r\n\t<div class=\"fw-container-fluid\">\r\n\t\t<div class=\"fw-row\">\n\t\t<div class=\"fw-col-xs-12\" style=\"\">\r\n\t\t\t<\/div>\r\n<\/div>\n\n\t<\/div>\r\n<\/section>\r\n<section class=\"fw-main-row\" style=\"\">\r\n\t<div class=\"fw-container-fluid\">\r\n\t\t<div class=\"fw-row\">\n\t\t<div class=\"fw-col-xs-12\" style=\"\">\r\n\t\t\r\n\r\n<div class=\"heading-decor line tac uppercase\"  style=''>\r\n\t\t<h5>NUESTROS TRATAMIENTOS<\/h5>\r\n\t\t<h2>MEDICINA EST\u00c9TICA<\/h2>\r\n<\/div>\r\n\r\r\n<div class=\"fw-row\">\r\r\n\t\r\n\t\t\t<div class=\"category-item dark-bg tar fw-col-xs-12 fw-col-sm-6 fw-col-md-4 fw-col-lg-4\">\r\r\n\t\t\t\t\r\n\t\t\t\t<a href=\"http:\/\/www.salustetic.es\/?page_id=1280\" style=\"background-image: url(\/\/www.salustetic.es\/wp-content\/uploads\/2018\/06\/ttosMErellenos2.jpg);\"><span>TRATAMIENTOS DE RELLENO<\/span><\/a>\r\r\n\t\t\t\t\r\n\t\t\t<\/div>\r\r\n\t\t\r\n\t\t\t<div class=\"category-item dark-bg tar fw-col-xs-12 fw-col-sm-6 fw-col-md-4 fw-col-lg-4\">\r\r\n\t\t\t\t\r\n\t\t\t\t<a href=\"http:\/\/www.salustetic.es\/?page_id=1290\" style=\"background-image: url(\/\/www.salustetic.es\/wp-content\/uploads\/2018\/06\/ttosMEbotox.jpg);\"><span>NEUROMODULADOR DE ARRUGAS DE EXPRESI\u00d3N<\/span><\/a>\r\r\n\t\t\t\t\r\n\t\t\t<\/div>\r\r\n\t\t\r\n\t\t\t<div class=\"category-item dark-bg tar fw-col-xs-12 fw-col-sm-6 fw-col-md-4 fw-col-lg-4\">\r\r\n\t\t\t\t\r\n\t\t\t\t<a href=\"http:\/\/www.salustetic.es\/?page_id=1296\" style=\"background-image: url(\/\/www.salustetic.es\/wp-content\/uploads\/2018\/06\/ttosMEpiel.jpg);\"><span>TRATAMIENTOS DE LA PIEL<\/span><\/a>\r\r\n\t\t\t\t\r\n\t\t\t<\/div>\r\r\n\t\t\r\n\t\r\n<\/div>\r\r\n\t<\/div>\r\n<\/div>\n\n\t<\/div>\r\n<\/section>\r\n<section class=\"fw-main-row\" style=\"background-color:#fafafa;&quot;\">\r\n\t<div class=\"fw-container\">\r\n\t\t<div class=\"fw-row\">\n\t\t<div class=\"fw-col-xs-12\" style=\"\">\r\n\t\t\r\n\r\n<div class=\"heading-decor line tac uppercase\"  style=''>\r\n\t\t<h5>conoce nuestros<\/h5>\r\n\t\t<h2>TRATAMIENTOS ESTRELLA<\/h2>\r\n<\/div>\r\n<div class=\"pricelist-items fw-row\">\r\r\n\t\r\n\t<!-- Price list -->\r\r\n\t<div class=\"pricelist-item fw-col-xs-12 fw-col-sm-6 fw-col-md-4 fw-col-lg-4 \">\r\r\n\t\t\r\n\t\t<div class=\"price\">290\u20ac<\/div>\r\r\n\t\t\r\n\t\t<div class=\"wrap\">\r\r\n\t\t\t<div class=\"top heading-decor dark-bg\" style=\"background-image: url(\/\/www.salustetic.es\/wp-content\/uploads\/2018\/05\/promobotox-1.jpg);\">\r\r\n\t\t\t\t<h2>Neuromodulador de arrugas de expresi\u00f3n<\/h2>\r\r\n\t\t\t<\/div>\r\r\n\t\t\t<div class=\"rows\">\r\r\n\t\t\t\t\r\n\t\t\t\t<div class=\"row\"><div>1\u00aa visita valoraci\u00f3n gratuita<\/div><\/div>\r\r\n\t\t\t\t\r\n\t\t\t\t<div class=\"row\"><div>Tratamiento para Rejuvenecimiento Facial<\/div><\/div>\r\r\n\t\t\t\t\r\n\t\t\t<\/div>\r\r\n\t\t\t\r\n\t\t\t<a href=\"https:\/\/www.salustetic.es\/?page_id=1290\" class=\"button\">Contacta con nosotros<\/a>\r\r\n\t\t\t\r\n\t\t<\/div>\r\r\n\t<\/div>\r\r\n\t<!-- END Price list -->\r\r\n\t\r\n\t<!-- Price list -->\r\r\n\t<div class=\"pricelist-item fw-col-xs-12 fw-col-sm-6 fw-col-md-4 fw-col-lg-4 \">\r\r\n\t\t\r\n\t\t<div class=\"price\">120\u20ac<\/div>\r\r\n\t\t\r\n\t\t<div class=\"wrap\">\r\r\n\t\t\t<div class=\"top heading-decor dark-bg\" style=\"background-image: url(\/\/www.salustetic.es\/wp-content\/uploads\/2018\/06\/promoMESO2.jpg);\">\r\r\n\t\t\t\t<h2>MESOTERAPIA FACIAL<\/h2>\r\r\n\t\t\t<\/div>\r\r\n\t\t\t<div class=\"rows\">\r\r\n\t\t\t\t\r\n\t\t\t\t<div class=\"row\"><div>1\u00aa visita valoraci\u00f3n gratuita<\/div><\/div>\r\r\n\t\t\t\t\r\n\t\t\t\t<div class=\"row\"><div>Infiltraci\u00f3n Hialur\u00f3nico, Vitaminas y Antioxidantes<\/div><\/div>\r\r\n\t\t\t\t\r\n\t\t\t<\/div>\r\r\n\t\t\t\r\n\t\t\t<a href=\"https:\/\/www.salustetic.es\/?page_id=1325\" class=\"button\">Contacta con nosotros<\/a>\r\r\n\t\t\t\r\n\t\t<\/div>\r\r\n\t<\/div>\r\r\n\t<!-- END Price list -->\r\r\n\t\r\n\t<!-- Price list -->\r\r\n\t<div class=\"pricelist-item fw-col-xs-12 fw-col-sm-6 fw-col-md-4 fw-col-lg-4 \">\r\r\n\t\t\r\n\t\t<div class=\"price\">350\u20ac<\/div>\r\r\n\t\t\r\n\t\t<div class=\"wrap\">\r\r\n\t\t\t<div class=\"top heading-decor dark-bg\" style=\"background-image: url(\/\/www.salustetic.es\/wp-content\/uploads\/2018\/07\/promocarboxi2.jpg);\">\r\r\n\t\t\t\t<h2>carboxiterapia<\/h2>\r\r\n\t\t\t<\/div>\r\r\n\t\t\t<div class=\"rows\">\r\r\n\t\t\t\t\r\n\t\t\t\t<div class=\"row\"><div>1\u00aa visita valoraci\u00f3n gratuita<\/div><\/div>\r\r\n\t\t\t\t\r\n\t\t\t\t<div class=\"row\"><div>Tratamiento para la Flacidez cut\u00e1nea<\/div><\/div>\r\r\n\t\t\t\t\r\n\t\t\t<\/div>\r\r\n\t\t\t\r\n\t\t\t<a href=\"https:\/\/www.salustetic.es\/?page_id=1303\" class=\"button\">Contacta con nosotros<\/a>\r\r\n\t\t\t\r\n\t\t<\/div>\r\r\n\t<\/div>\r\r\n\t<!-- END Price list -->\r\r\n\t\r\n<\/div>\t<\/div>\r\n<\/div>\n\n\t<\/div>\r\n<\/section>\r\n<section class=\"fw-main-row\" style=\"background-color:#fafafa;&quot;\">\r\n\t<div class=\"fw-container\">\r\n\t\t<div class=\"fw-row\">\n\t\t<div class=\"fw-col-xs-12\" style=\"background-color:#fafafa;\">\r\n\t\t\r\n\r\n<div class=\"heading-decor line tac uppercase\"  style=''>\r\n\t\t<h5>\u00bf quieres saber m\u00e1s ? <br> Pide tu visita informativa sin coste<\/h5>\r\n\t\t<h3>Contacta con Nosotros<\/h3>\r\n<\/div>\t<p style=\"text-align: center;\"><a href=\"https:\/\/www.doctoralia.es\/clinicas\/salustetic\"><span style=\"font-size: 24pt; color: #0000ff;\"><em><strong>PIDE CITA AHORA<\/strong><\/em><\/span><\/a><\/p>\t<p><div role=\"form\" class=\"wpcf7\" id=\"wpcf7-f5-o1\" lang=\"en-US\" dir=\"ltr\">\n<div class=\"screen-reader-response\"><p role=\"status\" aria-live=\"polite\" aria-atomic=\"true\"><\/p> <ul><\/ul><\/div>\n<form action=\"\/index.php?rest_route=%2Fwp%2Fv2%2Fpages%2F9#wpcf7-f5-o1\" method=\"post\" class=\"wpcf7-form init\" novalidate=\"novalidate\" data-status=\"init\">\n<div style=\"display: none;\">\n<input type=\"hidden\" name=\"_wpcf7\" value=\"5\" \/>\n<input type=\"hidden\" name=\"_wpcf7_version\" value=\"5.3.2\" \/>\n<input type=\"hidden\" name=\"_wpcf7_locale\" value=\"en_US\" \/>\n<input type=\"hidden\" name=\"_wpcf7_unit_tag\" value=\"wpcf7-f5-o1\" \/>\n<input type=\"hidden\" name=\"_wpcf7_container_post\" value=\"0\" \/>\n<input type=\"hidden\" name=\"_wpcf7_posted_data_hash\" value=\"\" \/>\n<input type=\"hidden\" name=\"_wpcf7_recaptcha_response\" value=\"\" \/>\n<\/div>\n<div class=\"fw-row\">\n<div class=\"fw-col-xs-12 fw-col-sm-4\"><span class=\"wpcf7-form-control-wrap text-120\"><input type=\"text\" name=\"text-120\" value=\"\" size=\"40\" class=\"wpcf7-form-control wpcf7-text wpcf7-validates-as-required style1\" aria-required=\"true\" aria-invalid=\"false\" placeholder=\"NOMBRE y APELLIDOS\" \/><\/span><\/div>\n<div class=\"fw-col-xs-12 fw-col-sm-4\"><span class=\"wpcf7-form-control-wrap email-873\"><input type=\"email\" name=\"email-873\" value=\"\" size=\"40\" class=\"wpcf7-form-control wpcf7-text wpcf7-email wpcf7-validates-as-required wpcf7-validates-as-email style1\" aria-required=\"true\" aria-invalid=\"false\" placeholder=\"E-MAIL\" \/><\/span><\/div>\n<div class=\"fw-col-xs-12 fw-col-sm-4\"><span class=\"wpcf7-form-control-wrap tel-494\"><input type=\"tel\" name=\"tel-494\" value=\"\" size=\"40\" class=\"wpcf7-form-control wpcf7-text wpcf7-tel wpcf7-validates-as-required wpcf7-validates-as-tel style1\" aria-required=\"true\" aria-invalid=\"false\" placeholder=\"TEL\u00c9FONO\" \/><\/span><\/div>\n<div class=\"fw-col-xs-12\"><span class=\"wpcf7-form-control-wrap textarea-812\"><textarea name=\"textarea-812\" cols=\"40\" rows=\"5\" class=\"wpcf7-form-control wpcf7-textarea wpcf7-validates-as-required style1\" aria-required=\"true\" aria-invalid=\"false\" placeholder=\"MENSAJE\"><\/textarea><\/span><\/div>\n<div class=\"fw-col-xs-12\" style=\"padding-left: 5px; padding-right: 5px; padding-top: 5px; padding-bottom: 15px;\"><span class=\"wpcf7-form-control-wrap acceptance-40\"><span class=\"wpcf7-form-control wpcf7-acceptance\"><span class=\"wpcf7-list-item\"><input type=\"checkbox\" name=\"acceptance-40\" value=\"1\" aria-invalid=\"false\" \/><\/span><\/span><\/span> Acepto las <a href=\"http:\/\/www.salustetic.es\/politica-de-privacidad\/\" target=\"_blank\">Condiciones de Uso y Pol\u00edtica de Privacidad<\/a><\/div>\n<div class=\"fw-col-xs-12\"><\/div>\n<div class=\"fw-col-xs-12\"><input type=\"submit\" value=\"ENVIAR\" class=\"wpcf7-form-control wpcf7-submit button-style3\" \/><\/div>\n<\/div>\n<p><br\/><\/p>\n<div class=\"wpcf7-response-output\" aria-hidden=\"true\"><\/div><\/form><\/div><\/p>\t<\/div>\r\n<\/div>\n\n\t<\/div>\r\n<\/section>\r\n<section class=\"fw-main-row\" style=\"background-color:#67686d;padding-top:15px;&quot;\">\r\n\t<div class=\"fw-container dark-bg\">\r\n\t\t<div class=\"fw-row\">\n\t\t<div class=\"fw-col-xs-12\" style=\"\">\r\n\t\t\r\n\r\n<div class=\"base tac uppercase\"  style=''>\r\n\t\t<h5>contacto<\/h5>\r\n<\/div>\t\t\r\n\t<div class=\"fw-row\">\r\n\t\t\t\t\t<!-- Icon box style1 -->\r\n\t\t\t<div class=\"icon-box fw-col-xs-12 fw-col-sm-3 \">\r\n\t\t\t\t\t\t\t\t<div class=\"icon\"><i class=\"iconfont-placeholder-2\"><\/i><\/div>\r\n\t\t\t\t\t\t\t\t<p>c \/ Numancia 47-49 ent 1\u00aa,<br>08029, Barcelona<\/p>\r\n\t\t\t\t\t\t\t<\/div>\r\n\t\t\t<!-- END Icon box style1 -->\r\n\t\t\t\t\t<!-- Icon box style1 -->\r\n\t\t\t<div class=\"icon-box fw-col-xs-12 fw-col-sm-3 \">\r\n\t\t\t\t\t\t\t\t<div class=\"icon\"><i class=\"iconfont-mail-5\"><\/i><\/div>\r\n\t\t\t\t\t\t\t\t<p>E-mail :<br>info@salustetic.es<\/p>\r\n\t\t\t\t\t\t\t<\/div>\r\n\t\t\t<!-- END Icon box style1 -->\r\n\t\t\t\t\t<!-- Icon box style1 -->\r\n\t\t\t<div class=\"icon-box fw-col-xs-12 fw-col-sm-3 \">\r\n\t\t\t\t\t\t\t\t<div class=\"icon\"><i class=\"iconfont-phone-call-2\"><\/i><\/div>\r\n\t\t\t\t\t\t\t\t<p>Tel: 934 051 788<\/p>\r\n\t\t\t\t\t\t\t<\/div>\r\n\t\t\t<!-- END Icon box style1 -->\r\n\t\t\t\t\t<!-- Icon box style1 -->\r\n\t\t\t<div class=\"icon-box fw-col-xs-12 fw-col-sm-3 \">\r\n\t\t\t\t\t\t\t\t<div class=\"icon\"><i class=\"iconfont2-file-1\"><\/i><\/div>\r\n\t\t\t\t\t\t\t\t<p>No  E08050763, autorizado por el Departament de Salut de la Generalitat de Catalunya. <\/p>\r\n\t\t\t\t\t\t\t<\/div>\r\n\t\t\t<!-- END Icon box style1 -->\r\n\t\t\t<\/div>\r\n\t<\/div>\r\n<\/div>\n\n\t<\/div>\r\n<\/section>\r\n<\/p>\n","protected":false},"excerpt":{"rendered":"<p>SaluStetic El Portal de Medicina Est\u00e9tica de Barcelona Medicina Est\u00e9tica Los tratamientos m\u00e1s actuales con los mejores precios conoceSaluStetic PROFESIONALIDAD Nuestros Profesionales cualificados estan en constante actualizaci\u00f3n. VERACIDAD Ofrecemos un servicio sanitario \u00edntegramente destinado a la belleza, a la armon\u00eda y a la imagen personal. PRECIOS COMPETITIVOS Nos ajustamos a los tiempos siempre con los [&hellip;]<\/p>\n","protected":false},"author":7,"featured_media":0,"parent":0,"menu_order":0,"comment_status":"closed","ping_status":"closed","template":"template-landing.php","meta":[],"acf":[],"_links":{"self":[{"href":"https:\/\/www.salustetic.es\/index.php?rest_route=\/wp\/v2\/pages\/9"}],"collection":[{"href":"https:\/\/www.salustetic.es\/index.php?rest_route=\/wp\/v2\/pages"}],"about":[{"href":"https:\/\/www.salustetic.es\/index.php?rest_route=\/wp\/v2\/types\/page"}],"author":[{"embeddable":true,"href":"https:\/\/www.salustetic.es\/index.php?rest_route=\/wp\/v2\/users\/7"}],"replies":[{"embeddable":true,"href":"https:\/\/www.salustetic.es\/index.php?rest_route=%2Fwp%2Fv2%2Fcomments&post=9"}],"version-history":[{"count":125,"href":"https:\/\/www.salustetic.es\/index.php?rest_route=\/wp\/v2\/pages\/9\/revisions"}],"predecessor-version":[{"id":6095,"href":"https:\/\/www.salustetic.es\/index.php?rest_route=\/wp\/v2\/pages\/9\/revisions\/6095"}],"wp:attachment":[{"href":"https:\/\/www.salustetic.es\/index.php?rest_route=%2Fwp%2Fv2%2Fmedia&parent=9"}],"curies":[{"name":"wp","href":"https:\/\/api.w.org\/{rel}","templated":true}]}}