{"id":6018,"date":"2025-04-15T18:25:46","date_gmt":"2025-04-15T16:25:46","guid":{"rendered":"https:\/\/www.salustetic.es\/?page_id=6018"},"modified":"2026-05-06T09:56:21","modified_gmt":"2026-05-06T07:56:21","slug":"dr-victor-haro","status":"publish","type":"page","link":"https:\/\/www.salustetic.es\/?page_id=6018","title":{"rendered":"Dr. Victor Haro"},"content":{"rendered":"<p><section class=\"fw-main-row\" style=\"\">\r\n\t<div class=\"fw-container-fluid disable-padding\">\r\n\t\t<div class=\"fw-row\">\n\t\t<div class=\"fw-col-xs-12\" style=\"\">\r\n\t\t\r\n\r\r\n\r\n\r\r\n<!-- Banner block -->\r\r\n<div class=\"banner banner-block-69fb2bccc178b  fixed-height fw-main-row\">\r\r\n\t\r\n\t<div class=\"item tal\" style=\"height:500px;\" data-parallax=\"scroll\" data-image-src=\"\/\/www.salustetic.es\/wp-content\/uploads\/2018\/05\/aboutdrcatala.jpg\">\r\r\n\t\t<div class=\"centered-container fw-container\">\r\r\n\t\t\t<h3 class=\"uppercase\">Dr. Victor Haro<\/h3>\r\r\n\t\t\t\r\n\t\t<\/div>\r\r\n\t<\/div>\r\r\n\t\r\n<\/div>\r\r\n<!-- END Banner block -->\t<\/div>\r\n<\/div>\n\n\t<\/div>\r\n<\/section>\r\n<section class=\"fw-main-row\" style=\"padding-top:65px;&quot;\">\r\n\t<div class=\"fw-container\">\r\n\t\t<div class=\"fw-row\">\n\t\t\r\n\t<!-- Side image -->\r\n\t<div class=\"fw-col-xs-12 fw-col-sm-4 fw-col-md-6 \" style=\"\">\r\n\t\t<div class=\"image-decor\"><img width=\"1120\" height=\"1899\" src=\"https:\/\/www.salustetic.es\/wp-content\/uploads\/2025\/04\/VictorHaro-2-e1744860869330.jpg\" class=\"attachment- size-\" alt=\"\" loading=\"lazy\" \/><\/div>\r\n\t<\/div>\r\n\t<!-- END Side image -->\r\n\t<div class=\"fw-col-xs-12 fw-col-sm-8 fw-col-md-6 \" style=\"\">\r\n\t\t\r\n\r\n<div class=\"heading-decor line tac uppercase\"  style=''>\r\n\t\t<h3>Dr. Victor HARO<\/h3>\r\n<\/div><div class=\"p-text\" style=\"margin-top:30px;margin-bottom:30px;\">\r\n\t<ul><li class=\"font_8\">Dr. V\u00edctor Manuel Haro Polo<\/li><li class=\"font_8\">Licenciado en Medicina y Cirug\u00eda.<\/li><li class=\"font_8\">Col. N\u00fam: 49568 (Colegio Oficial de M\u00e9dicos de Barcelona)<\/li><li class=\"font_8\">M\u00e1ster en Medicina Est\u00e9tica, Regenerativa y Antienvejecimiento por la Universidad Complutense de Madrid.<\/li><li class=\"font_8\">M\u00e1ster en Medicina Est\u00e9tica por la Esneca Business School, con reconocimiento honor\u00edfico a la Excelencia Acad\u00e9mica.<\/li><li class=\"font_8\">Diploma Universitario de Experto en Liderazgo en la Medicina Est\u00e9tica por la Universidad CEU Cardenal Herrera de Valencia.<\/li><li class=\"font_8\">Miembro de la Secci\u00f3n Colegial de M\u00e9dicos de Est\u00e9tica del Colegio Oficial de M\u00e9dicos de Barcelona.<\/li><li class=\"font_8\">Miembro de la Sociedad Espa\u00f1ola de Medicina Est\u00e9tica (SEME).<\/li><\/ul><\/div>\r\n\t<\/div>\r\n<\/div>\n\n\t<\/div>\r\n<\/section>\r\n<section class=\"fw-main-row\" style=\"\">\r\n\t<div class=\"fw-container-fluid\">\r\n\t\t<div class=\"fw-row\">\n\t\t<div class=\"fw-col-xs-12\" style=\"\">\r\n\t\t\r\n\r\n<div class=\"heading-decor line tac uppercase\"  style=''>\r\n\t\t<h5>TRATAMIENTOS<\/h5>\r\n\t\t<h2>MEDICINA EST\u00c9TICA<\/h2>\r\n<\/div>\r\n\r\r\n<div class=\"fw-row\">\r\r\n\t\r\n\t\t\t<div class=\"category-item dark-bg tar fw-col-xs-12 fw-col-sm-6 fw-col-md-4 fw-col-lg-4\">\r\r\n\t\t\t\t\r\n\t\t\t\t<a href=\"http:\/\/www.salustetic.es\/?page_id=1280\" style=\"background-image: url(\/\/www.salustetic.es\/wp-content\/uploads\/2018\/06\/ttosMErellenos2.jpg);\"><span>TRATAMIENTOS DE RELLENO<\/span><\/a>\r\r\n\t\t\t\t\r\n\t\t\t<\/div>\r\r\n\t\t\r\n\t\t\t<div class=\"category-item dark-bg tar fw-col-xs-12 fw-col-sm-6 fw-col-md-4 fw-col-lg-4\">\r\r\n\t\t\t\t\r\n\t\t\t\t<a href=\"http:\/\/www.salustetic.es\/?page_id=1290\" style=\"background-image: url(\/\/www.salustetic.es\/wp-content\/uploads\/2018\/06\/ttosMEbotox.jpg);\"><span>NEUROMODULADOR DE ARRUGAS DE EXPRESI\u00d3N<\/span><\/a>\r\r\n\t\t\t\t\r\n\t\t\t<\/div>\r\r\n\t\t\r\n\t\t\t<div class=\"category-item dark-bg tar fw-col-xs-12 fw-col-sm-6 fw-col-md-4 fw-col-lg-4\">\r\r\n\t\t\t\t\r\n\t\t\t\t<a href=\"http:\/\/www.salustetic.es\/?page_id=1296\" style=\"background-image: url(\/\/www.salustetic.es\/wp-content\/uploads\/2018\/06\/ttosMEpiel.jpg);\"><span>TRATAMIENTOS DE LA PIEL<\/span><\/a>\r\r\n\t\t\t\t\r\n\t\t\t<\/div>\r\r\n\t\t\r\n\t\r\n<\/div>\r\r\n\t<\/div>\r\n<\/div>\n\n\t<\/div>\r\n<\/section>\r\n<section class=\"fw-main-row\" style=\"background-color:#fafafa;&quot;\">\r\n\t<div class=\"fw-container\">\r\n\t\t<div class=\"fw-row\">\n\t\t<div class=\"fw-col-xs-12\" style=\"background-color:#fafafa;\">\r\n\t\t\r\n\r\n<div class=\"heading-decor line tac uppercase\"  style=''>\r\n\t\t<h5>\u00bf quieres saber m\u00e1s ?<\/h5>\r\n\t\t<h3>Contacta con Nosotros<\/h3>\r\n<\/div>\t<p><div role=\"form\" class=\"wpcf7\" id=\"wpcf7-f5-o1\" lang=\"en-US\" dir=\"ltr\">\n<div class=\"screen-reader-response\"><p role=\"status\" aria-live=\"polite\" aria-atomic=\"true\"><\/p> <ul><\/ul><\/div>\n<form action=\"\/index.php?rest_route=%2Fwp%2Fv2%2Fpages%2F6018#wpcf7-f5-o1\" method=\"post\" class=\"wpcf7-form init\" novalidate=\"novalidate\" data-status=\"init\">\n<div style=\"display: none;\">\n<input type=\"hidden\" name=\"_wpcf7\" value=\"5\" \/>\n<input type=\"hidden\" name=\"_wpcf7_version\" value=\"5.3.2\" \/>\n<input type=\"hidden\" name=\"_wpcf7_locale\" value=\"en_US\" \/>\n<input type=\"hidden\" name=\"_wpcf7_unit_tag\" value=\"wpcf7-f5-o1\" \/>\n<input type=\"hidden\" name=\"_wpcf7_container_post\" value=\"0\" \/>\n<input type=\"hidden\" name=\"_wpcf7_posted_data_hash\" value=\"\" \/>\n<input type=\"hidden\" name=\"_wpcf7_recaptcha_response\" value=\"\" \/>\n<\/div>\n<div class=\"fw-row\">\n<div class=\"fw-col-xs-12 fw-col-sm-4\"><span class=\"wpcf7-form-control-wrap text-120\"><input type=\"text\" name=\"text-120\" value=\"\" size=\"40\" class=\"wpcf7-form-control wpcf7-text wpcf7-validates-as-required style1\" aria-required=\"true\" aria-invalid=\"false\" placeholder=\"NOMBRE y APELLIDOS\" \/><\/span><\/div>\n<div class=\"fw-col-xs-12 fw-col-sm-4\"><span class=\"wpcf7-form-control-wrap email-873\"><input type=\"email\" name=\"email-873\" value=\"\" size=\"40\" class=\"wpcf7-form-control wpcf7-text wpcf7-email wpcf7-validates-as-required wpcf7-validates-as-email style1\" aria-required=\"true\" aria-invalid=\"false\" placeholder=\"E-MAIL\" \/><\/span><\/div>\n<div class=\"fw-col-xs-12 fw-col-sm-4\"><span class=\"wpcf7-form-control-wrap tel-494\"><input type=\"tel\" name=\"tel-494\" value=\"\" size=\"40\" class=\"wpcf7-form-control wpcf7-text wpcf7-tel wpcf7-validates-as-required wpcf7-validates-as-tel style1\" aria-required=\"true\" aria-invalid=\"false\" placeholder=\"TEL\u00c9FONO\" \/><\/span><\/div>\n<div class=\"fw-col-xs-12\"><span class=\"wpcf7-form-control-wrap textarea-812\"><textarea name=\"textarea-812\" cols=\"40\" rows=\"5\" class=\"wpcf7-form-control wpcf7-textarea wpcf7-validates-as-required style1\" aria-required=\"true\" aria-invalid=\"false\" placeholder=\"MENSAJE\"><\/textarea><\/span><\/div>\n<div class=\"fw-col-xs-12\" style=\"padding-left: 5px; padding-right: 5px; padding-top: 5px; padding-bottom: 15px;\"><span class=\"wpcf7-form-control-wrap acceptance-40\"><span class=\"wpcf7-form-control wpcf7-acceptance\"><span class=\"wpcf7-list-item\"><input type=\"checkbox\" name=\"acceptance-40\" value=\"1\" aria-invalid=\"false\" \/><\/span><\/span><\/span> Acepto las <a href=\"http:\/\/www.salustetic.es\/politica-de-privacidad\/\" target=\"_blank\">Condiciones de Uso y Pol\u00edtica de Privacidad<\/a><\/div>\n<div class=\"fw-col-xs-12\"><\/div>\n<div class=\"fw-col-xs-12\"><input type=\"submit\" value=\"ENVIAR\" class=\"wpcf7-form-control wpcf7-submit button-style3\" \/><\/div>\n<\/div>\n<p><br\/><\/p>\n<div class=\"wpcf7-response-output\" aria-hidden=\"true\"><\/div><\/form><\/div><\/p>\t<\/div>\r\n<\/div>\n\n\t<\/div>\r\n<\/section>\r\n<section class=\"fw-main-row\" style=\"background-color:#67686d;padding-top:15px;&quot;\">\r\n\t<div class=\"fw-container dark-bg\">\r\n\t\t<div class=\"fw-row\">\n\t\t<div class=\"fw-col-xs-12\" style=\"\">\r\n\t\t\r\n\r\n<div class=\"base tac uppercase\"  style=''>\r\n\t\t<h5>contacto<\/h5>\r\n<\/div>\t\t\r\n\t<div class=\"fw-row\">\r\n\t\t\t\t\t<!-- Icon box style1 -->\r\n\t\t\t<div class=\"icon-box fw-col-xs-12 fw-col-sm-4 \">\r\n\t\t\t\t\t\t\t\t<div class=\"icon\"><i class=\"iconfont-placeholder-2\"><\/i><\/div>\r\n\t\t\t\t\t\t\t\t<p>c \/ Numancia 47-49 ent 1\u00aa,<br>08029, Barcelona<\/p>\r\n\t\t\t\t\t\t\t<\/div>\r\n\t\t\t<!-- END Icon box style1 -->\r\n\t\t\t\t\t<!-- Icon box style1 -->\r\n\t\t\t<div class=\"icon-box fw-col-xs-12 fw-col-sm-4 \">\r\n\t\t\t\t\t\t\t\t<div class=\"icon\"><i class=\"iconfont-mail-5\"><\/i><\/div>\r\n\t\t\t\t\t\t\t\t<p>E-mail :<br>info@salustetic.es<\/p>\r\n\t\t\t\t\t\t\t<\/div>\r\n\t\t\t<!-- END Icon box style1 -->\r\n\t\t\t\t\t<!-- Icon box style1 -->\r\n\t\t\t<div class=\"icon-box fw-col-xs-12 fw-col-sm-4 \">\r\n\t\t\t\t\t\t\t\t<div class=\"icon\"><i class=\"iconfont-phone-call-2\"><\/i><\/div>\r\n\t\t\t\t\t\t\t\t<p>Tel: 934 051 788<\/p>\r\n\t\t\t\t\t\t\t<\/div>\r\n\t\t\t<!-- END Icon box style1 -->\r\n\t\t\t<\/div>\r\n\t<\/div>\r\n<\/div>\n\n\t<\/div>\r\n<\/section>\r\n<\/p>\n","protected":false},"excerpt":{"rendered":"<p>Dr. Victor Haro Dr. Victor HARO Dr. V\u00edctor Manuel Haro PoloLicenciado en Medicina y Cirug\u00eda.Col. N\u00fam: 49568 (Colegio Oficial de M\u00e9dicos de Barcelona)M\u00e1ster en Medicina Est\u00e9tica, Regenerativa y Antienvejecimiento por la Universidad Complutense de Madrid.M\u00e1ster en Medicina Est\u00e9tica por la Esneca Business School, con reconocimiento honor\u00edfico a la Excelencia Acad\u00e9mica.Diploma Universitario de Experto en Liderazgo [&hellip;]<\/p>\n","protected":false},"author":7,"featured_media":0,"parent":17,"menu_order":2,"comment_status":"closed","ping_status":"closed","template":"template-landing.php","meta":[],"acf":[],"_links":{"self":[{"href":"https:\/\/www.salustetic.es\/index.php?rest_route=\/wp\/v2\/pages\/6018"}],"collection":[{"href":"https:\/\/www.salustetic.es\/index.php?rest_route=\/wp\/v2\/pages"}],"about":[{"href":"https:\/\/www.salustetic.es\/index.php?rest_route=\/wp\/v2\/types\/page"}],"author":[{"embeddable":true,"href":"https:\/\/www.salustetic.es\/index.php?rest_route=\/wp\/v2\/users\/7"}],"replies":[{"embeddable":true,"href":"https:\/\/www.salustetic.es\/index.php?rest_route=%2Fwp%2Fv2%2Fcomments&post=6018"}],"version-history":[{"count":6,"href":"https:\/\/www.salustetic.es\/index.php?rest_route=\/wp\/v2\/pages\/6018\/revisions"}],"predecessor-version":[{"id":6100,"href":"https:\/\/www.salustetic.es\/index.php?rest_route=\/wp\/v2\/pages\/6018\/revisions\/6100"}],"up":[{"embeddable":true,"href":"https:\/\/www.salustetic.es\/index.php?rest_route=\/wp\/v2\/pages\/17"}],"wp:attachment":[{"href":"https:\/\/www.salustetic.es\/index.php?rest_route=%2Fwp%2Fv2%2Fmedia&parent=6018"}],"curies":[{"name":"wp","href":"https:\/\/api.w.org\/{rel}","templated":true}]}}