{"id":52,"date":"2017-01-17T12:46:46","date_gmt":"2017-01-17T12:46:46","guid":{"rendered":"http:\/\/www.salustetic.es\/wp\/?page_id=52"},"modified":"2025-09-27T19:38:26","modified_gmt":"2025-09-27T17:38:26","slug":"contacto","status":"publish","type":"page","link":"https:\/\/www.salustetic.es\/?page_id=52","title":{"rendered":"Contacto"},"content":{"rendered":"<p><section class=\"fw-main-row\" style=\"\">\r\n\t<div class=\"fw-container\">\r\n\t\t<div class=\"fw-row\">\n\t\t<div class=\"fw-col-xs-12\" style=\"\">\r\n\t\t\r\n\r\n<div class=\"heading-decor line tac uppercase\"  style=''>\r\n\t\t<h2>Contacto<\/h2>\r\n<\/div><div class=\"p-text\" style=\"\">\r\n\t<p style=\"text-align: justify;\">SaluStetic es la parte dedicada a Cirug\u00eda Pl\u00e1stica y Medicina Est\u00e9tica integrada en el Centro M\u00e9dico ASINSA.\u00a0 Con m\u00e1s de 20 a\u00f1os de experiencia, el Centro M\u00e9dico ASINSA es un referente en el barrio de las Corts. Se encuentra a pocos minutos a pi\u00e9 de la estacion de Sants y perfectamente comunicado. Si acude con veh\u00edculo propio podr\u00e1 encontrar un parking en el mismo edificio.<\/p><p style=\"text-align: center;\"><span style=\"color: #0000ff; font-size: 24pt;\"><a style=\"color: #0000ff;\" href=\"https:\/\/www.doctoralia.es\/clinicas\/salustetic\"><em><strong>PIDE CITA AHORA<\/strong><\/em><\/a><\/span><\/p><\/div>\r\n\t<\/div>\r\n<\/div>\n\n<div class=\"fw-row\">\n\t\t<div class=\"fw-col-xs-12\" style=\"padding-top:30px;\">\r\n\t\t\t\t\r\n\t<div class=\"fw-row\">\r\n\t\t\t\t\t<!-- Icon box style1 -->\r\n\t\t\t<div class=\"icon-box fw-col-xs-12 fw-col-sm-4 \">\r\n\t\t\t\t\t\t\t\t<div class=\"icon\"><i class=\"iconfont-placeholder-2\"><\/i><\/div>\r\n\t\t\t\t\t\t\t\t<p>c \/ Numancia 47-49 ent 1\u00aa,<br>08029, Barcelona<\/p>\r\n\t\t\t\t\t\t\t<\/div>\r\n\t\t\t<!-- END Icon box style1 -->\r\n\t\t\t\t\t<!-- Icon box style1 -->\r\n\t\t\t<div class=\"icon-box fw-col-xs-12 fw-col-sm-4 \">\r\n\t\t\t\t\t\t\t\t<div class=\"icon\"><i class=\"iconfont-mail-5\"><\/i><\/div>\r\n\t\t\t\t\t\t\t\t<p>E-mail :<br>soporte@salustetic.es<\/p>\r\n\t\t\t\t\t\t\t<\/div>\r\n\t\t\t<!-- END Icon box style1 -->\r\n\t\t\t\t\t<!-- Icon box style1 -->\r\n\t\t\t<div class=\"icon-box fw-col-xs-12 fw-col-sm-4 \">\r\n\t\t\t\t\t\t\t\t<div class=\"icon\"><i class=\"iconfont-phone-call-2\"><\/i><\/div>\r\n\t\t\t\t\t\t\t\t<p>Tel: 934 051 788<\/p>\r\n\t\t\t\t\t\t\t<\/div>\r\n\t\t\t<!-- END Icon box style1 -->\r\n\t\t\t<\/div>\r\n\t<\/div>\r\n<\/div>\n\n\t<\/div>\r\n<\/section>\r\n<section class=\"fw-main-row\" style=\"padding-top:30px;&quot;\">\r\n\t<div class=\"fw-container-fluid disable-padding\">\r\n\t\t<div class=\"fw-row\">\n\t\t<div class=\"fw-col-xs-12\" style=\"\">\r\n\t\t<div class=\"fw-map\" data-locations=\"[{&quot;title&quot;:&quot;&quot;,&quot;url&quot;:&quot;&quot;,&quot;thumb&quot;:false,&quot;coordinates&quot;:{&quot;lat&quot;:41.3835226,&quot;lng&quot;:2.1384256},&quot;description&quot;:&quot;&quot;}]\" data-map-type=\"ROADMAP\" data-map-height=\"380\" data-gmap-key=\"AIzaSyAY8l-YiyhmMZmT_Je3z1vl8kKVlIdAZkE\" data-disable-scrolling=\"\" >\n\t<div class=\"fw-map-canvas\"><\/div>\n<\/div>\t<\/div>\r\n<\/div>\n\n\t<\/div>\r\n<\/section>\r\n<section class=\"fw-main-row\" style=\"background-color:#fafafa;&quot;\">\r\n\t<div class=\"fw-container\">\r\n\t\t<div class=\"fw-row\">\n\t\t<div class=\"fw-col-xs-12\" style=\"background-color:#fafafa;\">\r\n\t\t\r\n\r\n<div class=\"heading-decor line tac uppercase\"  style=''>\r\n\t\t<h3>Contacta con Nosotros<\/h3>\r\n<\/div>\t\t<\/div>\r\n<\/div>\n\n\t<\/div>\r\n<\/section>\r\n<\/p>\n","protected":false},"excerpt":{"rendered":"<p>Contacto SaluStetic es la parte dedicada a Cirug\u00eda Pl\u00e1stica y Medicina Est\u00e9tica integrada en el Centro M\u00e9dico ASINSA.\u00a0 Con m\u00e1s de 20 a\u00f1os de experiencia, el Centro M\u00e9dico ASINSA es un referente en el barrio de las Corts. Se encuentra a pocos minutos a pi\u00e9 de la estacion de Sants y perfectamente comunicado. Si acude [&hellip;]<\/p>\n","protected":false},"author":7,"featured_media":0,"parent":0,"menu_order":0,"comment_status":"closed","ping_status":"closed","template":"template-landing.php","meta":[],"acf":[],"_links":{"self":[{"href":"https:\/\/www.salustetic.es\/index.php?rest_route=\/wp\/v2\/pages\/52"}],"collection":[{"href":"https:\/\/www.salustetic.es\/index.php?rest_route=\/wp\/v2\/pages"}],"about":[{"href":"https:\/\/www.salustetic.es\/index.php?rest_route=\/wp\/v2\/types\/page"}],"author":[{"embeddable":true,"href":"https:\/\/www.salustetic.es\/index.php?rest_route=\/wp\/v2\/users\/7"}],"replies":[{"embeddable":true,"href":"https:\/\/www.salustetic.es\/index.php?rest_route=%2Fwp%2Fv2%2Fcomments&post=52"}],"version-history":[{"count":28,"href":"https:\/\/www.salustetic.es\/index.php?rest_route=\/wp\/v2\/pages\/52\/revisions"}],"predecessor-version":[{"id":6082,"href":"https:\/\/www.salustetic.es\/index.php?rest_route=\/wp\/v2\/pages\/52\/revisions\/6082"}],"wp:attachment":[{"href":"https:\/\/www.salustetic.es\/index.php?rest_route=%2Fwp%2Fv2%2Fmedia&parent=52"}],"curies":[{"name":"wp","href":"https:\/\/api.w.org\/{rel}","templated":true}]}}