{"id":1611,"date":"2018-07-01T23:38:28","date_gmt":"2018-07-01T21:38:28","guid":{"rendered":"http:\/\/www.salustetic.es\/?page_id=1611"},"modified":"2026-03-26T04:55:09","modified_gmt":"2026-03-26T03:55:09","slug":"precios-medicina-estetica","status":"publish","type":"page","link":"https:\/\/www.salustetic.es\/?page_id=1611","title":{"rendered":"Precios Medicina Est\u00e9tica"},"content":{"rendered":"<p><section class=\"fw-main-row\" style=\"\">\r\n\t<div class=\"fw-container-fluid disable-padding\">\r\n\t\t<div class=\"fw-row\">\n\t\t<div class=\"fw-col-xs-12\" style=\"\">\r\n\t\t\r\n\r\r\n\r\n\r\r\n<!-- Banner block -->\r\r\n<div class=\"banner banner-block-69f2e0ea50f4e  fixed-height fw-main-row\">\r\r\n\t\r\n\t<div class=\"item dark-bg tar\" style=\"height:500px;\" data-parallax=\"scroll\" data-image-src=\"\/\/www.salustetic.es\/wp-content\/uploads\/2018\/07\/ttosEsteticaprecios.jpg\">\r\r\n\t\t<div class=\"centered-container fw-container\">\r\r\n\t\t\t<h1 class=\"uppercase\">Medicina Est\u00e9tica<\/h1>\r\r\n\t\t\t\r\n\t\t\t<p class=\"uppercase\">Tratamientos y sus precios actualizados<\/p>\r\r\n\t\t\t\r\n\t\t<\/div>\r\r\n\t<\/div>\r\r\n\t\r\n<\/div>\r\r\n<!-- END Banner block -->\t<\/div>\r\n<\/div>\n\n\t<\/div>\r\n<\/section>\r\n<section class=\"fw-main-row\" style=\"\">\r\n\t<div class=\"fw-container\">\r\n\t\t<div class=\"fw-row\">\n\t\t<div class=\"fw-col-xs-12\" style=\"\">\r\n\t\t\r\n\r\n<div class=\"heading-decor line tac uppercase\"  style=''>\r\n\t\t<h2>tratamientos est\u00e9ticos<\/h2>\r\n<\/div>\t\t<\/div>\r\n<\/div>\n\n\t<\/div>\r\n<\/section>\r\n<section class=\"fw-main-row\" style=\"background-color:#fafafa;&quot;\">\r\n\t<div class=\"fw-container\">\r\n\t\t<div class=\"fw-row\">\n\t\t<div class=\"fw-col-xs-12\" style=\"\">\r\n\t\t\r\n\r\n<div class=\"heading-decor line tac uppercase\"  style=''>\r\n\t\t<h5>conoce nuestros<\/h5>\r\n\t\t<h2>TRATAMIENTOS ESTRELLA<\/h2>\r\n<\/div>\r\n<div class=\"pricelist-items fw-row\">\r\r\n\t\r\n\t<!-- Price list -->\r\r\n\t<div class=\"pricelist-item fw-col-xs-12 fw-col-sm-6 fw-col-md-4 fw-col-lg-4 \">\r\r\n\t\t\r\n\t\t<div class=\"price\">290\u20ac<\/div>\r\r\n\t\t\r\n\t\t<div class=\"wrap\">\r\r\n\t\t\t<div class=\"top heading-decor dark-bg\" style=\"background-image: url(\/\/www.salustetic.es\/wp-content\/uploads\/2018\/05\/promobotox-1.jpg);\">\r\r\n\t\t\t\t<h2>Neuromodulador de arrugas de expresi\u00f3n<\/h2>\r\r\n\t\t\t<\/div>\r\r\n\t\t\t<div class=\"rows\">\r\r\n\t\t\t\t\r\n\t\t\t\t<div class=\"row\"><div>1\u00aa visita valoraci\u00f3n gratuita<\/div><\/div>\r\r\n\t\t\t\t\r\n\t\t\t\t<div class=\"row\"><div>Tratamiento para Rejuvenecimiento Facial<\/div><\/div>\r\r\n\t\t\t\t\r\n\t\t\t<\/div>\r\r\n\t\t\t\r\n\t\t\t<a href=\"https:\/\/www.salustetic.es\/?page_id=1290\" class=\"button\">RESERVAR CITA<\/a>\r\r\n\t\t\t\r\n\t\t<\/div>\r\r\n\t<\/div>\r\r\n\t<!-- END Price list -->\r\r\n\t\r\n\t<!-- Price list -->\r\r\n\t<div class=\"pricelist-item fw-col-xs-12 fw-col-sm-6 fw-col-md-4 fw-col-lg-4 \">\r\r\n\t\t\r\n\t\t<div class=\"price\">120\u20ac<\/div>\r\r\n\t\t\r\n\t\t<div class=\"wrap\">\r\r\n\t\t\t<div class=\"top heading-decor dark-bg\" style=\"background-image: url(\/\/www.salustetic.es\/wp-content\/uploads\/2018\/06\/promoMESO2.jpg);\">\r\r\n\t\t\t\t<h2>MESOTERAPIA FACIAL<\/h2>\r\r\n\t\t\t<\/div>\r\r\n\t\t\t<div class=\"rows\">\r\r\n\t\t\t\t\r\n\t\t\t\t<div class=\"row\"><div>1\u00aa visita valoraci\u00f3n gratuita<\/div><\/div>\r\r\n\t\t\t\t\r\n\t\t\t\t<div class=\"row\"><div>Infiltraci\u00f3n Hialur\u00f3nico, Vitaminas y Antioxidantes<\/div><\/div>\r\r\n\t\t\t\t\r\n\t\t\t<\/div>\r\r\n\t\t\t\r\n\t\t\t<a href=\"https:\/\/www.salustetic.es\/?page_id=1325\" class=\"button\">RESERVAR CITA<\/a>\r\r\n\t\t\t\r\n\t\t<\/div>\r\r\n\t<\/div>\r\r\n\t<!-- END Price list -->\r\r\n\t\r\n\t<!-- Price list -->\r\r\n\t<div class=\"pricelist-item fw-col-xs-12 fw-col-sm-6 fw-col-md-4 fw-col-lg-4 \">\r\r\n\t\t\r\n\t\t<div class=\"price\">350\u20ac<\/div>\r\r\n\t\t\r\n\t\t<div class=\"wrap\">\r\r\n\t\t\t<div class=\"top heading-decor dark-bg\" style=\"background-image: url(\/\/www.salustetic.es\/wp-content\/uploads\/2018\/07\/promocarboxi2.jpg);\">\r\r\n\t\t\t\t<h2>carboxiterapia<\/h2>\r\r\n\t\t\t<\/div>\r\r\n\t\t\t<div class=\"rows\">\r\r\n\t\t\t\t\r\n\t\t\t\t<div class=\"row\"><div>1\u00aa visita valoraci\u00f3n gratuita<\/div><\/div>\r\r\n\t\t\t\t\r\n\t\t\t\t<div class=\"row\"><div>Tratamiento para la Flacidez cut\u00e1nea<\/div><\/div>\r\r\n\t\t\t\t\r\n\t\t\t\t<div class=\"row\"><div>Precio pack de 10 sesiones<\/div><\/div>\r\r\n\t\t\t\t\r\n\t\t\t<\/div>\r\r\n\t\t\t\r\n\t\t\t<a href=\"https:\/\/www.salustetic.es\/?page_id=1303\" class=\"button\">RESERVAR CITA<\/a>\r\r\n\t\t\t\r\n\t\t<\/div>\r\r\n\t<\/div>\r\r\n\t<!-- END Price list -->\r\r\n\t\r\n<\/div><div class=\"fw-row tac\">\r\n\t\t\t\t\t\t<a href=\"\" target=\"_self\" class=\"button-style3 \" style=\"\">\r\n\t\t\t\t\t\t\t\t<span>PROMOCIONES ACTUALES<\/span>\r\n\t\t\t<\/a>\r\n\t\t\t<\/div>\t<\/div>\r\n<\/div>\n\n\t<\/div>\r\n<\/section>\r\n<section class=\"fw-main-row\" style=\"background-color:#fafafa;&quot;\">\r\n\t<div class=\"fw-container\">\r\n\t\t<div class=\"fw-row\">\n\t\t<div class=\"fw-col-xs-12\" style=\"background-color:#fafafa;\">\r\n\t\t\r\n\r\n<div class=\"heading-decor line tac uppercase\"  style=''>\r\n\t\t<h5>\u00bf quieres saber m\u00e1s ?<\/h5>\r\n\t\t<h3>Contacta con Nosotros<\/h3>\r\n<\/div>\t<p><div role=\"form\" class=\"wpcf7\" id=\"wpcf7-f5-o1\" lang=\"en-US\" dir=\"ltr\">\n<div class=\"screen-reader-response\"><p role=\"status\" aria-live=\"polite\" aria-atomic=\"true\"><\/p> <ul><\/ul><\/div>\n<form action=\"\/index.php?rest_route=%2Fwp%2Fv2%2Fpages%2F1611#wpcf7-f5-o1\" method=\"post\" class=\"wpcf7-form init\" novalidate=\"novalidate\" data-status=\"init\">\n<div style=\"display: none;\">\n<input type=\"hidden\" name=\"_wpcf7\" value=\"5\" \/>\n<input type=\"hidden\" name=\"_wpcf7_version\" value=\"5.3.2\" \/>\n<input type=\"hidden\" name=\"_wpcf7_locale\" value=\"en_US\" \/>\n<input type=\"hidden\" name=\"_wpcf7_unit_tag\" value=\"wpcf7-f5-o1\" \/>\n<input type=\"hidden\" name=\"_wpcf7_container_post\" value=\"0\" \/>\n<input type=\"hidden\" name=\"_wpcf7_posted_data_hash\" value=\"\" \/>\n<input type=\"hidden\" name=\"_wpcf7_recaptcha_response\" value=\"\" \/>\n<\/div>\n<div class=\"fw-row\">\n<div class=\"fw-col-xs-12 fw-col-sm-4\"><span class=\"wpcf7-form-control-wrap text-120\"><input type=\"text\" name=\"text-120\" value=\"\" size=\"40\" class=\"wpcf7-form-control wpcf7-text wpcf7-validates-as-required style1\" aria-required=\"true\" aria-invalid=\"false\" placeholder=\"NOMBRE y APELLIDOS\" \/><\/span><\/div>\n<div class=\"fw-col-xs-12 fw-col-sm-4\"><span class=\"wpcf7-form-control-wrap email-873\"><input type=\"email\" name=\"email-873\" value=\"\" size=\"40\" class=\"wpcf7-form-control wpcf7-text wpcf7-email wpcf7-validates-as-required wpcf7-validates-as-email style1\" aria-required=\"true\" aria-invalid=\"false\" placeholder=\"E-MAIL\" \/><\/span><\/div>\n<div class=\"fw-col-xs-12 fw-col-sm-4\"><span class=\"wpcf7-form-control-wrap tel-494\"><input type=\"tel\" name=\"tel-494\" value=\"\" size=\"40\" class=\"wpcf7-form-control wpcf7-text wpcf7-tel wpcf7-validates-as-required wpcf7-validates-as-tel style1\" aria-required=\"true\" aria-invalid=\"false\" placeholder=\"TEL\u00c9FONO\" \/><\/span><\/div>\n<div class=\"fw-col-xs-12\"><span class=\"wpcf7-form-control-wrap textarea-812\"><textarea name=\"textarea-812\" cols=\"40\" rows=\"5\" class=\"wpcf7-form-control wpcf7-textarea wpcf7-validates-as-required style1\" aria-required=\"true\" aria-invalid=\"false\" placeholder=\"MENSAJE\"><\/textarea><\/span><\/div>\n<div class=\"fw-col-xs-12\" style=\"padding-left: 5px; padding-right: 5px; padding-top: 5px; padding-bottom: 15px;\"><span class=\"wpcf7-form-control-wrap acceptance-40\"><span class=\"wpcf7-form-control wpcf7-acceptance\"><span class=\"wpcf7-list-item\"><input type=\"checkbox\" name=\"acceptance-40\" value=\"1\" aria-invalid=\"false\" \/><\/span><\/span><\/span> Acepto las <a href=\"http:\/\/www.salustetic.es\/politica-de-privacidad\/\" target=\"_blank\">Condiciones de Uso y Pol\u00edtica de Privacidad<\/a><\/div>\n<div class=\"fw-col-xs-12\"><\/div>\n<div class=\"fw-col-xs-12\"><input type=\"submit\" value=\"ENVIAR\" class=\"wpcf7-form-control wpcf7-submit button-style3\" \/><\/div>\n<\/div>\n<p><br\/><\/p>\n<div class=\"wpcf7-response-output\" aria-hidden=\"true\"><\/div><\/form><\/div><\/p>\t<\/div>\r\n<\/div>\n\n\t<\/div>\r\n<\/section>\r\n<section class=\"fw-main-row\" style=\"background-color:#67686d;padding-top:15px;&quot;\">\r\n\t<div class=\"fw-container dark-bg\">\r\n\t\t<div class=\"fw-row\">\n\t\t<div class=\"fw-col-xs-12\" style=\"\">\r\n\t\t\r\n\r\n<div class=\"base tac uppercase\"  style=''>\r\n\t\t<h5>contacto<\/h5>\r\n<\/div>\t\t\r\n\t<div class=\"fw-row\">\r\n\t\t\t\t\t<!-- Icon box style1 -->\r\n\t\t\t<div class=\"icon-box fw-col-xs-12 fw-col-sm-4 \">\r\n\t\t\t\t\t\t\t\t<div class=\"icon\"><i class=\"iconfont-placeholder-2\"><\/i><\/div>\r\n\t\t\t\t\t\t\t\t<p>c \/ Numancia 47-49 ent 1\u00aa,<br>08029, Barcelona<\/p>\r\n\t\t\t\t\t\t\t<\/div>\r\n\t\t\t<!-- END Icon box style1 -->\r\n\t\t\t\t\t<!-- Icon box style1 -->\r\n\t\t\t<div class=\"icon-box fw-col-xs-12 fw-col-sm-4 \">\r\n\t\t\t\t\t\t\t\t<div class=\"icon\"><i class=\"iconfont-mail-5\"><\/i><\/div>\r\n\t\t\t\t\t\t\t\t<p>E-mail :<br>soporte@salustetic.es<\/p>\r\n\t\t\t\t\t\t\t<\/div>\r\n\t\t\t<!-- END Icon box style1 -->\r\n\t\t\t\t\t<!-- Icon box style1 -->\r\n\t\t\t<div class=\"icon-box fw-col-xs-12 fw-col-sm-4 \">\r\n\t\t\t\t\t\t\t\t<div class=\"icon\"><i class=\"iconfont-phone-call-2\"><\/i><\/div>\r\n\t\t\t\t\t\t\t\t<p>Tel: 934 051 788<br>Whats: 625 680 276<\/p>\r\n\t\t\t\t\t\t\t<\/div>\r\n\t\t\t<!-- END Icon box style1 -->\r\n\t\t\t<\/div>\r\n\t<\/div>\r\n<\/div>\n\n\t<\/div>\r\n<\/section>\r\n<\/p>\n","protected":false},"excerpt":{"rendered":"<p>Medicina Est\u00e9tica Tratamientos y sus precios actualizados tratamientos est\u00e9ticos conoce nuestros TRATAMIENTOS ESTRELLA 290\u20ac Neuromodulador de arrugas de expresi\u00f3n 1\u00aa visita valoraci\u00f3n gratuita Tratamiento para Rejuvenecimiento Facial RESERVAR CITA 120\u20ac MESOTERAPIA FACIAL 1\u00aa visita valoraci\u00f3n gratuita Infiltraci\u00f3n Hialur\u00f3nico, Vitaminas y Antioxidantes RESERVAR CITA 350\u20ac carboxiterapia 1\u00aa visita valoraci\u00f3n gratuita Tratamiento para la Flacidez cut\u00e1nea Precio [&hellip;]<\/p>\n","protected":false},"author":7,"featured_media":0,"parent":0,"menu_order":0,"comment_status":"closed","ping_status":"closed","template":"template-landing.php","meta":[],"acf":[],"_links":{"self":[{"href":"https:\/\/www.salustetic.es\/index.php?rest_route=\/wp\/v2\/pages\/1611"}],"collection":[{"href":"https:\/\/www.salustetic.es\/index.php?rest_route=\/wp\/v2\/pages"}],"about":[{"href":"https:\/\/www.salustetic.es\/index.php?rest_route=\/wp\/v2\/types\/page"}],"author":[{"embeddable":true,"href":"https:\/\/www.salustetic.es\/index.php?rest_route=\/wp\/v2\/users\/7"}],"replies":[{"embeddable":true,"href":"https:\/\/www.salustetic.es\/index.php?rest_route=%2Fwp%2Fv2%2Fcomments&post=1611"}],"version-history":[{"count":33,"href":"https:\/\/www.salustetic.es\/index.php?rest_route=\/wp\/v2\/pages\/1611\/revisions"}],"predecessor-version":[{"id":6093,"href":"https:\/\/www.salustetic.es\/index.php?rest_route=\/wp\/v2\/pages\/1611\/revisions\/6093"}],"wp:attachment":[{"href":"https:\/\/www.salustetic.es\/index.php?rest_route=%2Fwp%2Fv2%2Fmedia&parent=1611"}],"curies":[{"name":"wp","href":"https:\/\/api.w.org\/{rel}","templated":true}]}}