{"id":1591,"date":"2018-07-01T22:58:38","date_gmt":"2018-07-01T20:58:38","guid":{"rendered":"http:\/\/www.salustetic.es\/?page_id=1591"},"modified":"2019-05-20T17:49:13","modified_gmt":"2019-05-20T15:49:13","slug":"intralipoterapia","status":"publish","type":"page","link":"https:\/\/www.salustetic.es\/?page_id=1591","title":{"rendered":"Intralipoterapia"},"content":{"rendered":"<p><section class=\"fw-main-row\" style=\"\">\r\n\t<div class=\"fw-container-fluid disable-padding\">\r\n\t\t<div class=\"fw-row\">\n\t\t<div class=\"fw-col-xs-12\" style=\"\">\r\n\t\t\r\n\r\r\n\r\n\r\r\n<!-- Banner block -->\r\r\n<div class=\"banner banner-block-69f33e64e2f43  fixed-height fw-main-row\">\r\r\n\t\r\n\t<div class=\"item tal\" style=\"height:300px;\" data-parallax=\"scroll\" data-image-src=\"\/\/www.salustetic.es\/wp-content\/uploads\/2018\/07\/ttointralipo.jpg\">\r\r\n\t\t<div class=\"centered-container fw-container\">\r\r\n\t\t\t<h1 class=\"uppercase\"><\/h1>\r\r\n\t\t\t\r\n\t\t<\/div>\r\r\n\t<\/div>\r\r\n\t\r\n<\/div>\r\r\n<!-- END Banner block -->\t<\/div>\r\n<\/div>\n\n\t<\/div>\r\n<\/section>\r\n<section class=\"fw-main-row\" style=\"\">\r\n\t<div class=\"fw-container\">\r\n\t\t<div class=\"fw-row\">\n\t\t<div class=\"fw-col-xs-12\" style=\"\">\r\n\t\t\n\t<div class=\"fw-divider-space\" style=\"padding-top: 20px;\"><\/div>\n\t<\/div>\r\n<\/div>\n\n\t<\/div>\r\n<\/section>\r\n<section class=\"fw-main-row\" style=\"background-color:#fafafa;padding-top:15px;&quot;\">\r\n\t<div class=\"fw-container\">\r\n\t\t<div class=\"fw-row\">\n\t\t<div class=\"fw-col-xs-12\" style=\"\">\r\n\t\t\r\n\r\n<div class=\"base tac uppercase\"  style=''>\r\n\t\t<h5>\u00bf QU\u00c9 ES LA INTRALIPOTERAPIA ?<\/h5>\r\n<\/div>\t<\/div>\r\n<\/div>\n\n\t<\/div>\r\n<\/section>\r\n<section class=\"fw-main-row\" style=\"\">\r\n\t<div class=\"fw-container\">\r\n\t\t<div class=\"fw-row\">\n\t\t<div class=\"fw-col-xs-12\" style=\"\">\r\n\t\t\n\t<div class=\"fw-divider-space\" style=\"padding-top: 20px;\"><\/div>\n\t<\/div>\r\n<\/div>\n\n\t<\/div>\r\n<\/section>\r\n<section class=\"fw-main-row\" style=\"\">\r\n\t<div class=\"fw-container\">\r\n\t\t<div class=\"fw-row\">\n\t\t<div class=\"fw-col-xs-12 fw-col-sm-8\" style=\"\">\r\n\t\t\t<p><span style=\"font-size: 14pt;\">Es una t\u00e9cnica indicada en el tratamiento no quir\u00fargico de las adiposidades localizadas. Consiste en la infiltraci\u00f3n, mediante el uso de agujas espec\u00edficas, de una soluci\u00f3n acuosa micro-gelatinosa, biocompatible y totalmente reabsorvible, indicada para el tratamiento localizado de adipocitos mediante el proceso de adipocitolisis. No precisa anestesia previa, ya que es escasamente dolorosa.<\/span><\/p><p><span style=\"font-size: 14pt;\">El n\u00famero de sesiones var\u00eda entre 2 y 5, seg\u00fan la extensi\u00f3n a tratar, con intervalo medio de 4 semanas entre una y otra.<\/span><\/p><p><span style=\"font-size: 14pt;\">La intralipoterapia es un protocolo r\u00edgido e inmodificable, que debe seguir unas directrices precisas y una posolog\u00eda determinada.<\/span><\/p><p><span style=\"font-size: 14pt;\">Actualmente los mayores expertos a nivel internacional la consideran el tratamiento de elecci\u00f3n como alternativa a la liposucci\u00f3n.<\/span><\/p><p><span style=\"font-size: 14pt;\">La intralipoterapia esta indicada \u00fanicamente en el tratamiento de adiposidades localizadas de peque\u00f1a o mediana dimensi\u00f3n en personas que no tienen intenci\u00f3n de someterse a una intervenci\u00f3n quir\u00fargica o liposucci\u00f3n.<\/span><\/p><p><span style=\"font-size: 14pt;\">Con el t\u00e9rmino adiposidad localizada, se pretende indicar la presencia excesiva de tejido graso no deseado en \u00e1reas corporales localizadas que no desaparecen con dieta o ejercicio f\u00edsico. Se distingue de la condici\u00f3n de sobrepeso y de la celulitis, con las que, sin embargo, a menudo puede asociarse.<\/span><\/p><p><span style=\"font-size: 14pt;\">Las \u00e1reas corporales mayormente afectadas son: los costados, la parte interna de muslos, la parte interior de la rodilla, la regi\u00f3n trocant\u00e9rea (cartucheras), el abdomen, las extremidades superiores y la papada.<\/span><\/p><p><span style=\"font-size: 14pt;\">Est\u00e1 indicada para mujeres y hombres en buenas condiciones de salud.<\/span><\/p><p><span style=\"font-size: 14pt;\">Contraindicada en personas al\u00e9rgicas, embarazadas, en fase de lactancia o cualquier patolog\u00eda activa o enfermedades autoinmunes.<\/span><\/p><p><span style=\"font-size: 14pt;\">Las indicaciones ser\u00e1n definidas por el m\u00e9dico en el momento de la consulta.<\/span><\/p><p><span style=\"font-size: 14pt;\">Es aconsejable compatibilizarlo con ultrasonidos externos, y puede ser aconsejable realizar presoterapia o drenaje linf\u00e1tico.<\/span><\/p><p><span style=\"font-size: 14pt;\">Se desaconseja el uso de plataformas vibratorias y\/o radiofrecuencia.<\/span><\/p><p><span style=\"font-size: 14pt;\">El tratamiento se realiza en 30 minutos por sesi\u00f3n<\/span><\/p>\t<\/div>\r\n\t<div class=\"fw-col-xs-12 fw-col-sm-4\" style=\"\">\r\n\t\t<div class=\"shortcode-widget-area\"><section id=\"nav_menu-2\" class=\"widget widget_nav_menu\"><h2 class=\"widget-title\">TRATAMIENTOS DE MEDICINA EST\u00c9TICA<\/h2><div class=\"menu-menu-estetica-container\"><ul id=\"menu-menu-estetica\" class=\"menu\"><li id=\"menu-item-1376\" class=\"menu-item menu-item-type-custom menu-item-object-custom menu-item-has-children menu-item-1376\"><a href=\"#\">Tratamientos de Relleno<\/a>\n<ul class=\"sub-menu\">\n\t<li id=\"menu-item-1373\" class=\"menu-item menu-item-type-post_type menu-item-object-page menu-item-1373\"><a href=\"https:\/\/www.salustetic.es\/?page_id=1280\">Rellenos \/ Aumentos<\/a><\/li>\n<\/ul>\n<\/li>\n<li id=\"menu-item-1382\" class=\"menu-item menu-item-type-post_type menu-item-object-page menu-item-1382\"><a href=\"https:\/\/www.salustetic.es\/?page_id=1290\">Neuromodulador de arrugas de expresi\u00f3n<\/a><\/li>\n<li id=\"menu-item-1387\" class=\"menu-item menu-item-type-post_type menu-item-object-page menu-item-has-children menu-item-1387\"><a href=\"https:\/\/www.salustetic.es\/?page_id=1296\">Tratamientos Cut\u00e1neos<\/a>\n<ul class=\"sub-menu\">\n\t<li id=\"menu-item-1388\" class=\"menu-item menu-item-type-post_type menu-item-object-page menu-item-1388\"><a href=\"https:\/\/www.salustetic.es\/?page_id=1325\">Mesoterapia Facial<\/a><\/li>\n\t<li id=\"menu-item-1390\" class=\"menu-item menu-item-type-post_type menu-item-object-page menu-item-1390\"><a href=\"https:\/\/www.salustetic.es\/?page_id=1303\">Carboxiterapia<\/a><\/li>\n\t<li id=\"menu-item-1392\" class=\"menu-item menu-item-type-post_type menu-item-object-page menu-item-1392\"><a href=\"https:\/\/www.salustetic.es\/?page_id=1321\">Peeling Qu\u00edmico<\/a><\/li>\n\t<li id=\"menu-item-1394\" class=\"menu-item menu-item-type-post_type menu-item-object-page menu-item-1394\"><a href=\"https:\/\/www.salustetic.es\/?page_id=1310\">Fotorrejuvenecimiento<\/a><\/li>\n\t<li id=\"menu-item-1396\" class=\"menu-item menu-item-type-post_type menu-item-object-page menu-item-1396\"><a href=\"https:\/\/www.salustetic.es\/?page_id=1316\">Rejuvenecimiento Facial con Estimulantes Propios \/ Factores de Crecimiento<\/a><\/li>\n\t<li id=\"menu-item-1609\" class=\"menu-item menu-item-type-post_type menu-item-object-page menu-item-1609\"><a href=\"https:\/\/www.salustetic.es\/?page_id=1579\">Hilos Tensores<\/a><\/li>\n\t<li id=\"menu-item-1608\" class=\"menu-item menu-item-type-post_type menu-item-object-page menu-item-1608\"><a href=\"https:\/\/www.salustetic.es\/?page_id=1585\">Vectorizaci\u00f3n Facial<\/a><\/li>\n\t<li id=\"menu-item-1607\" class=\"menu-item menu-item-type-post_type menu-item-object-page menu-item-1607\"><a href=\"https:\/\/www.salustetic.es\/?page_id=1591\">Intralipoterapia<\/a><\/li>\n\t<li id=\"menu-item-1606\" class=\"menu-item menu-item-type-post_type menu-item-object-page menu-item-1606\"><a href=\"https:\/\/www.salustetic.es\/?page_id=1597\">Tratamientos Vasculares<\/a><\/li>\n<\/ul>\n<\/li>\n<\/ul><\/div><\/section><\/div>\n\t<\/div>\r\n<\/div>\n\n\t<\/div>\r\n<\/section>\r\n<section class=\"fw-main-row\" style=\"\">\r\n\t<div class=\"fw-container\">\r\n\t\t<div class=\"fw-row\">\n\t\t<div class=\"fw-col-xs-12\" style=\"\">\r\n\t\t\n\t<div class=\"fw-divider-space\" style=\"padding-top: 50px;\"><\/div>\n\t<\/div>\r\n<\/div>\n\n\t<\/div>\r\n<\/section>\r\n<section class=\"fw-main-row\" style=\"background-color:#fafafa;&quot;\">\r\n\t<div class=\"fw-container\">\r\n\t\t<div class=\"fw-row\">\n\t\t<div class=\"fw-col-xs-12\" style=\"background-color:#fafafa;\">\r\n\t\t\r\n\r\n<div class=\"heading-decor line tac uppercase\"  style=''>\r\n\t\t<h5>\u00bf quieres saber m\u00e1s ?<\/h5>\r\n\t\t<h3>Contacta con Nosotros<\/h3>\r\n<\/div>\t<p><div role=\"form\" class=\"wpcf7\" id=\"wpcf7-f5-o1\" lang=\"en-US\" dir=\"ltr\">\n<div class=\"screen-reader-response\"><p role=\"status\" aria-live=\"polite\" aria-atomic=\"true\"><\/p> <ul><\/ul><\/div>\n<form action=\"\/index.php?rest_route=%2Fwp%2Fv2%2Fpages%2F1591#wpcf7-f5-o1\" method=\"post\" class=\"wpcf7-form init\" novalidate=\"novalidate\" data-status=\"init\">\n<div style=\"display: none;\">\n<input type=\"hidden\" name=\"_wpcf7\" value=\"5\" \/>\n<input type=\"hidden\" name=\"_wpcf7_version\" value=\"5.3.2\" \/>\n<input type=\"hidden\" name=\"_wpcf7_locale\" value=\"en_US\" \/>\n<input type=\"hidden\" name=\"_wpcf7_unit_tag\" value=\"wpcf7-f5-o1\" \/>\n<input type=\"hidden\" name=\"_wpcf7_container_post\" value=\"0\" \/>\n<input type=\"hidden\" name=\"_wpcf7_posted_data_hash\" value=\"\" \/>\n<input type=\"hidden\" name=\"_wpcf7_recaptcha_response\" value=\"\" \/>\n<\/div>\n<div class=\"fw-row\">\n<div class=\"fw-col-xs-12 fw-col-sm-4\"><span class=\"wpcf7-form-control-wrap text-120\"><input type=\"text\" name=\"text-120\" value=\"\" size=\"40\" class=\"wpcf7-form-control wpcf7-text wpcf7-validates-as-required style1\" aria-required=\"true\" aria-invalid=\"false\" placeholder=\"NOMBRE y APELLIDOS\" \/><\/span><\/div>\n<div class=\"fw-col-xs-12 fw-col-sm-4\"><span class=\"wpcf7-form-control-wrap email-873\"><input type=\"email\" name=\"email-873\" value=\"\" size=\"40\" class=\"wpcf7-form-control wpcf7-text wpcf7-email wpcf7-validates-as-required wpcf7-validates-as-email style1\" aria-required=\"true\" aria-invalid=\"false\" placeholder=\"E-MAIL\" \/><\/span><\/div>\n<div class=\"fw-col-xs-12 fw-col-sm-4\"><span class=\"wpcf7-form-control-wrap tel-494\"><input type=\"tel\" name=\"tel-494\" value=\"\" size=\"40\" class=\"wpcf7-form-control wpcf7-text wpcf7-tel wpcf7-validates-as-required wpcf7-validates-as-tel style1\" aria-required=\"true\" aria-invalid=\"false\" placeholder=\"TEL\u00c9FONO\" \/><\/span><\/div>\n<div class=\"fw-col-xs-12\"><span class=\"wpcf7-form-control-wrap textarea-812\"><textarea name=\"textarea-812\" cols=\"40\" rows=\"5\" class=\"wpcf7-form-control wpcf7-textarea wpcf7-validates-as-required style1\" aria-required=\"true\" aria-invalid=\"false\" placeholder=\"MENSAJE\"><\/textarea><\/span><\/div>\n<div class=\"fw-col-xs-12\" style=\"padding-left: 5px; padding-right: 5px; padding-top: 5px; padding-bottom: 15px;\"><span class=\"wpcf7-form-control-wrap acceptance-40\"><span class=\"wpcf7-form-control wpcf7-acceptance\"><span class=\"wpcf7-list-item\"><input type=\"checkbox\" name=\"acceptance-40\" value=\"1\" aria-invalid=\"false\" \/><\/span><\/span><\/span> Acepto las <a href=\"http:\/\/www.salustetic.es\/politica-de-privacidad\/\" target=\"_blank\">Condiciones de Uso y Pol\u00edtica de Privacidad<\/a><\/div>\n<div class=\"fw-col-xs-12\"><\/div>\n<div class=\"fw-col-xs-12\"><input type=\"submit\" value=\"ENVIAR\" class=\"wpcf7-form-control wpcf7-submit button-style3\" \/><\/div>\n<\/div>\n<p><br\/><\/p>\n<div class=\"wpcf7-response-output\" aria-hidden=\"true\"><\/div><\/form><\/div><\/p>\t<\/div>\r\n<\/div>\n\n\t<\/div>\r\n<\/section>\r\n<section class=\"fw-main-row\" style=\"background-color:#67686d;padding-top:15px;&quot;\">\r\n\t<div class=\"fw-container dark-bg\">\r\n\t\t<div class=\"fw-row\">\n\t\t<div class=\"fw-col-xs-12\" style=\"\">\r\n\t\t\r\n\r\n<div class=\"base tac uppercase\"  style=''>\r\n\t\t<h5>contacto<\/h5>\r\n<\/div>\t\t\r\n\t<div class=\"fw-row\">\r\n\t\t\t\t\t<!-- Icon box style1 -->\r\n\t\t\t<div class=\"icon-box fw-col-xs-12 fw-col-sm-4 \">\r\n\t\t\t\t\t\t\t\t<div class=\"icon\"><i class=\"iconfont-placeholder-2\"><\/i><\/div>\r\n\t\t\t\t\t\t\t\t<p>c \/ Numancia 47-49 ent 1\u00aa,<br>08029, Barcelona<\/p>\r\n\t\t\t\t\t\t\t<\/div>\r\n\t\t\t<!-- END Icon box style1 -->\r\n\t\t\t\t\t<!-- Icon box style1 -->\r\n\t\t\t<div class=\"icon-box fw-col-xs-12 fw-col-sm-4 \">\r\n\t\t\t\t\t\t\t\t<div class=\"icon\"><i class=\"iconfont-mail-5\"><\/i><\/div>\r\n\t\t\t\t\t\t\t\t<p>E-mail :<br>soporte@salustetic.es<\/p>\r\n\t\t\t\t\t\t\t<\/div>\r\n\t\t\t<!-- END Icon box style1 -->\r\n\t\t\t\t\t<!-- Icon box style1 -->\r\n\t\t\t<div class=\"icon-box fw-col-xs-12 fw-col-sm-4 \">\r\n\t\t\t\t\t\t\t\t<div class=\"icon\"><i class=\"iconfont-phone-call-2\"><\/i><\/div>\r\n\t\t\t\t\t\t\t\t<p>Tel: 934 051 788<\/p>\r\n\t\t\t\t\t\t\t<\/div>\r\n\t\t\t<!-- END Icon box style1 -->\r\n\t\t\t<\/div>\r\n\t<\/div>\r\n<\/div>\n\n\t<\/div>\r\n<\/section>\r\n<\/p>\n","protected":false},"excerpt":{"rendered":"<p>\u00bf QU\u00c9 ES LA INTRALIPOTERAPIA ? Es una t\u00e9cnica indicada en el tratamiento no quir\u00fargico de las adiposidades localizadas. Consiste en la infiltraci\u00f3n, mediante el uso de agujas espec\u00edficas, de una soluci\u00f3n acuosa micro-gelatinosa, biocompatible y totalmente reabsorvible, indicada para el tratamiento localizado de adipocitos mediante el proceso de adipocitolisis. No precisa anestesia previa, ya [&hellip;]<\/p>\n","protected":false},"author":1,"featured_media":0,"parent":1334,"menu_order":0,"comment_status":"closed","ping_status":"closed","template":"template-landing.php","meta":[],"acf":[],"_links":{"self":[{"href":"https:\/\/www.salustetic.es\/index.php?rest_route=\/wp\/v2\/pages\/1591"}],"collection":[{"href":"https:\/\/www.salustetic.es\/index.php?rest_route=\/wp\/v2\/pages"}],"about":[{"href":"https:\/\/www.salustetic.es\/index.php?rest_route=\/wp\/v2\/types\/page"}],"author":[{"embeddable":true,"href":"https:\/\/www.salustetic.es\/index.php?rest_route=\/wp\/v2\/users\/1"}],"replies":[{"embeddable":true,"href":"https:\/\/www.salustetic.es\/index.php?rest_route=%2Fwp%2Fv2%2Fcomments&post=1591"}],"version-history":[{"count":5,"href":"https:\/\/www.salustetic.es\/index.php?rest_route=\/wp\/v2\/pages\/1591\/revisions"}],"predecessor-version":[{"id":1694,"href":"https:\/\/www.salustetic.es\/index.php?rest_route=\/wp\/v2\/pages\/1591\/revisions\/1694"}],"up":[{"embeddable":true,"href":"https:\/\/www.salustetic.es\/index.php?rest_route=\/wp\/v2\/pages\/1334"}],"wp:attachment":[{"href":"https:\/\/www.salustetic.es\/index.php?rest_route=%2Fwp%2Fv2%2Fmedia&parent=1591"}],"curies":[{"name":"wp","href":"https:\/\/api.w.org\/{rel}","templated":true}]}}