{"id":1278,"date":"2018-06-27T22:38:49","date_gmt":"2018-06-27T20:38:49","guid":{"rendered":"http:\/\/www.salustetic.es\/wp\/?page_id=1278"},"modified":"2025-04-25T14:45:26","modified_gmt":"2025-04-25T12:45:26","slug":"politica-de-privacidad","status":"publish","type":"page","link":"https:\/\/www.salustetic.es\/?page_id=1278","title":{"rendered":"Pol\u00edtica de privacidad"},"content":{"rendered":"<p><section class=\"fw-main-row\" style=\"\">\r\n\t<div class=\"fw-container\">\r\n\t\t<div class=\"fw-row\">\n\t\t<div class=\"fw-col-xs-12\" style=\"\">\r\n\t\t\t<div id=\"tab3\" class=\"tab-pane active\"><h4 style=\"text-align: center;\">&nbsp;POL\u00cdTICA DE PRIVACIDAD<\/h4><p>Con el fin de facilitar un desarrollo r\u00e1pido y eficaz de la relaci\u00f3n entre ASINSA SERVICIOS SANITARIOS SL y los Interesados, garantizamos mediante esta Pol\u00edtica, la privacidad de los datos personales recabados, con las exigencias legales e informamos sobre la pol\u00edtica de protecci\u00f3n de datos de car\u00e1cter personal para que&nbsp; los Interesados determinen libre y voluntariamente si desean facilitar a ASINSA SERVICIOS SANITARIOS SL&nbsp; sus datos personales a trav\u00e9s de cualquier formulario o correo electr\u00f3nico para la suscripci\u00f3n de los servicios ofrecidos, bien en su p\u00e1gina web o bien por cualquier otro medio propiedad de ASINSA SERVICIOS SANITARIOS SL. Los Interesados, por lo tanto,&nbsp; consienten en el tratamiento de estos datos personales, en los t\u00e9rminos de la presente Pol\u00edtica de Protecci\u00f3n de Datos de Car\u00e1cter Personal, regulada por el Reglamento 679\/2016 de la UE y de la LOPD-GDD 3\/2018 del 5 de diciembre . En consecuencia los datos recabados lo son de una manera leal, libre y transparentemente y&nbsp; son exclusivamente para el uso y las finalidades especificadas, y el consentimiento del Interesado para tales finalidades es libre, espec\u00edfico y expl\u00edcito, habiendo sido recabado de manera inequ\u00edvoca e informada. As\u00edmismo, se reconoce y se informa al Interesado&nbsp; de sus&nbsp; derechos de Acceso, Rectificaci\u00f3n, Cancelaci\u00f3n y Oposici\u00f3n y los de Portabilidad, Olvido y Limitaci\u00f3n, que podr\u00e1 ejercer en :<\/p><p>&nbsp;<\/p><p>ASINSA SERVICIOS SANITARIOS SL.Numancia, 47-49 Ent - 08029 BARCELONA (Barcelona). Email:rgpd@asinsa.org<br \/>Datos de contacto del DPO: Avda Diaghonal 419 p-1 - dpo@iuris-tic.com<\/p><p>A continuaci\u00f3n exponemos el marco de la&nbsp; Pol\u00edtica de Privacidad de ASINSA SERVICIOS SANITARIOS SL.<\/p><p><strong><u>I.- Responsable de tratamiento de sus datos personales<\/u><\/strong><\/p><p>La presente Pol\u00edtica de Privacidad se aplica a todos los datos de car\u00e1cter personal que hayan sido recabados&nbsp; por ASINSA SERVICIOS SANITARIOS SL , bien a trav\u00e9s de formularios online o bien en una acci\u00f3n de recogida de datos personales por cualquier otro medio que ASINSA SERVICIOS SANITARIOS SL&nbsp; lleve a cabo en el futuro.<br \/>A efectos de la presente Pol\u00edtica de Privacidad, se entiende&nbsp; como \u201cInteresado\u201d a toda persona f\u00edsica que est\u00e9 interesada en los servicios de profesionales de la salud que ASINSA SERVICIOS SANITARIOS SL&nbsp; ofrece a trav\u00e9s de su p\u00e1gina web o en su consulta en la direcci\u00f3n anteriormente indicada.<br \/>ASINSA SERVICIOS SANITARIOS SL , como responsable del tratamiento, solicitar\u00e1, en el momento de recabar&nbsp; sus datos de car\u00e1cter personal, el consentimiento Leal, Expl\u00edcito, Informado e Inequ\u00edvoco del Interesado, cada vez que as\u00ed sea necesario,&nbsp; as\u00ed como en cualquier otro momento que requiera la previa autorizaci\u00f3n de \u00e9ste. Precisamente, el objetivo de la presente Pol\u00edtica de Privacidad de ASINSA SERVICIOS SANITARIOS SL,&nbsp; es dar transparencia a la informaci\u00f3n sobre c\u00f3mo tratamos sus datos y protegemos la informaci\u00f3n que recabamos al amparo del art\u00edculo 9.2 h) del RGPD 679\/2016.<br \/>El Interesado, siempre podr\u00e1 ponerse en contacto con el Responsable de protecci\u00f3n de datos,&nbsp; ante cualquier duda o necesidad que tenga en materia de protecci\u00f3n de datos dirigiendo su petici\u00f3n a la direcci\u00f3n postal anteriormente indicada&nbsp; o bien a trav\u00e9s de correo electr\u00f3nico rgpd@asinsa.org&nbsp; o bien a trav\u00e9s de su Delegado de Protecci\u00f3n de Datos en el correo dpo@iuris-tic.com .<\/p><p><strong><u>II.- Finalidad&nbsp; para el tratamiento de sus datos personales<\/u><\/strong><\/p><p>Los datos personales de los Interesados se incorporar\u00e1n en ficheros de ASINSA SERVICIOS SANITARIOS SL , con la finalidad de la prestaci\u00f3n de servicios profesionales de salud y el mantenimiento del historial cl\u00ednico del interesado, a trav\u00e9s de su consentimiento expl\u00edcito (RGPD art. 9.2.h) o bien mediante la cesi\u00f3n de sus datos por terceros (mutualidades u otras entidades aseguradoras)&nbsp; para la prestaci\u00f3n del servicio sanitario que \u00e9l tiene contratado y solicitado expresamente.<\/p><p><strong><u>III.- Base de legitimaci\u00f3n por el tratamiento de sus datos personales<\/u><\/strong><\/p><p>La base de legitimaci\u00f3n para el tratamiento de los datos del interesado es la finalidad sanitaria ofrecida por ASINSA SERVICIOS SANITARIOS SL expresada en el punto anterior.<br \/>El Interesado conoce y acepta que al dejar de rellenar ciertos datos de car\u00e1cter personal que puedan solicit\u00e1rsele, impedir\u00e1 a ASINSA SERVICIOS SANITARIOS SL&nbsp;&nbsp; prestar aquellos servicios vinculados a estos&nbsp; datos. En ning\u00fan caso ASINSA SERVICIOS SANITARIOS SL&nbsp; ceder\u00e1, explotar\u00e1 estos datos o los destinar\u00e1 a un uso diferente del aqu\u00ed indicado expresamente.<\/p><p><strong><u>IV.- Periodo de conservaci\u00f3n de los datos personales<\/u><\/strong><\/p><p>Se conservar\u00e1 los datos con los plazos legales establecidos en la legislaci\u00f3n vigente y en concreto los establecidos en la Ley 41\/2002, de 14 de noviembre, b\u00e1sica reguladora de la autonom\u00eda del paciente y de derechos y obligaciones en materia de informaci\u00f3n y documentaci\u00f3n cl\u00ednica, as\u00ed como&nbsp; la&nbsp; Ley 21\/2000 de 29 de diciembre, sobre los derechos de informaci\u00f3n concernientes a la salud y la autonom\u00eda del paciente, y la documentaci\u00f3n cl\u00ednica, mientras el Interesado no retire el consentimiento ejerciendo los derechos mencionados en el Apartado VI de esta pol\u00edtica de privacidad.<\/p><p>Para cualquier otro tipo de Interesados,&nbsp; los datos se mantendr\u00e1n igualmente durante el periodo que la relaci\u00f3n se mantenga con el ASINSA SERVICIOS SANITARIOS SL , (excepto, en los casos, que el tratamiento est\u00e9 basado exclusivamente en el consentimiento del Interesado y este lo revocara. En este caso se conservar\u00e1n hasta que se reciba tal revocaci\u00f3n). En consecuencia, los datos no se conservar\u00e1n m\u00e1s tiempo del necesario para las finalidades descritas anteriormente, sin perjuicio de la conservaci\u00f3n que resultara necesaria para la formulaci\u00f3n, el ejercicio o la defensa de potenciales reclamaciones y\/o siempre que lo permitiera la legislaci\u00f3n aplicable.<\/p><p><strong><u>V.- Acceso a los Datos Personales<\/u><\/strong><\/p><p>Una \u00f3ptima prestaci\u00f3n del servicio que&nbsp; ASINSA SERVICIOS SANITARIOS SL&nbsp; ofrece, puede requerir que terceros que realicen servicios complementarios o por orden de ASINSA SERVICIOS SANITARIOS SL ,&nbsp; accedan a los datos personales del Interesado como encargados del tratamien. Todos los prestamistas de servicios que act\u00faan como encargados del tratamiento, se encuentran dentro del Espacio Econ\u00f3mico Europeo o est\u00e1n incluidos en la lista de pa\u00edses con que ofrecen un nivel de seguridad equivalente al espa\u00f1ol y al requerido en la normativa RGPD. En caso de que en alguna ocasi\u00f3n existiera alguna transferencia de datos a pa\u00edses fuera de este entorno,&nbsp; ASINSA SERVICIOS SANITARIOS SL&nbsp; garantiza que solamente se realizar\u00edan mediante la autorizaci\u00f3n de la Autoridad de Control Espa\u00f1ola (Agencia Protecci\u00f3n de Datos), en las cl\u00e1usulas modelos tipos aprobadas por la Comisi\u00f3n o si procede, en el Escudo de Privacidad (Privacy Shield por los EE.UU.). Para obtener m\u00e1s informaci\u00f3n sobre las anteriores garant\u00edas o al hecho que se hayan prestado, puede ponerse en contacto en la direcci\u00f3n anteriormente citada.<br \/>Adem\u00e1s de los accesos que terceros proveedores puedan tener a los datos personales responsabilidad de ASINSA SERVICIOS SANITARIOS SL ,&nbsp; en calidad de encargados de tratamiento, nacionales, en el marco de la prestaci\u00f3n de un servicio al responsable del tratamiento, se le informa que existe la posibilidad de ceder los datos personales del Interesado, a los colaboradores y\/o empleados autorizados de ASINSA SERVICIOS SANITARIOS SL&nbsp; en todo caso siguiendo el deber de secreto profesional y de confidencialidad regulado en la legislaci\u00f3n vigente y mediante los acuerdos y contratos existentes con ellos.<br \/>Adem\u00e1s del anterior, ASINSA SERVICIOS SANITARIOS SL&nbsp; podr\u00e1 realizar cesiones o comunicaciones de datos personales para atender sus obligaciones con las Administraciones P\u00fablicas en los casos que as\u00ed se requiera de acuerdo con la legislaci\u00f3n vigente en cada momento y si procede, igualmente a otros \u00f3rganos como Fuerzas y Cuerpos de Seguridad del Estado y a los \u00f3rganos Judiciales.<\/p><p><strong><u>VI.- Derechos de los Interesados y ejercicio de los derechos<\/u><\/strong><\/p><p>ASINSA SERVICIOS SANITARIOS SL&nbsp; informa al Interesado sobre la posibilidad que tiene de ejercitar los derechos de acceso, rectificaci\u00f3n, cancelaci\u00f3n, oposici\u00f3n, portabilidad, olvido y limitaci\u00f3n (ARCO -POL) del tratamiento as\u00ed como a rechazar el tratamiento automatizado de los datos personales recogidos. Estos derechos podr\u00e1n ser ejercitados gratuitamente por el Interesado, y si procede qui\u00e9n lo represente, mediante solicitud escrita y firmada dirigida a la direcci\u00f3n citada anteriormente.<\/p><p>Esta solicitud tendr\u00e1 que contener en el asunto la referencia \"Protecci\u00f3n de datos de ASINSA SERVICIOS SANITARIOS SL \" y tendr\u00e1 que incluir los siguientes datos: nombre y apellidos del Interesado, domicilio a efectos de notificaciones, fotocopia del Documento Nacional de Identidad o Pasaporte, y petici\u00f3n en que se concreta la solicitud. En el caso de representaci\u00f3n, tendr\u00e1 que probarse la misma mediante documento fehaciente. As\u00ed mismo, el Interesado podr\u00e1 ejercitar los mencionados derechos a trav\u00e9s del correo electr\u00f3nico rgpd@asinsa.org o mediante su Delegado de Protecci\u00f3n de Datos dpo@iuris-tic.com .<\/p><p>Adem\u00e1s de los anteriores derechos, el Interesado tendr\u00e1 derecho a retirar el consentimiento otorgado en cualquier momento mediante el procedimiento descrito anteriormente, sin que esta retirada de consentimiento afecte a la licitud del tratamiento anterior previo a la retirada del mismo. En consecuencia ASINSA SERVICIOS SANITARIOS SL&nbsp; podr\u00e1 continuar tratando los datos del Interesado en la medida en que las leyes mencionadas anteriormente lo permitan.<\/p><p>Asimismo, recordamos al Interesado que tiene derecho a presentar una reclamaci\u00f3n ante la Autoridad de control (www.aepd.es) si considera que el tratamiento no se ajusta a la normativa vigente.<\/p><p><strong><u>VII.- Medidas t\u00e9cnicas, organizativas y de seguridad implantadas.<\/u><\/strong><\/p><p>ASINSA SERVICIOS SANITARIOS SL se compromete al cumplimiento de su obligaci\u00f3n de secreto de los datos de car\u00e1cter personal y de su deber de guardarlos,&nbsp; adoptando las medidas necesarias para evitar su alteraci\u00f3n, p\u00e9rdida, tratamiento o acceso no autorizado, de acuerdo con el establecido por &nbsp;la normativa legal aplicable.<br \/>ASINSA SERVICIOS SANITARIOS SL&nbsp; tiene implantadas las medidas de seguridad de \u00edndole t\u00e9cnica y organizativas necesarias para garantizar la seguridad de sus datos de car\u00e1cter personal y evitar su alteraci\u00f3n, p\u00e9rdida y tratamiento y\/o acceso no autorizado, teniendo en cuenta: el estado de la tecnolog\u00eda, la naturaleza de los datos almacenados,&nbsp; los riesgos y al hecho que est\u00e1n expuestos, bien provengan de la acci\u00f3n humana o bien del medio f\u00edsico o natural, de acuerdo con el establecido por la normativa aplicable.<br \/>ASINSA SERVICIOS SANITARIOS SL&nbsp; preocupado por la privacidad y consciente del derecho que le corresponde, con la intenci\u00f3n de reforzar la confidencialidad e integridad de la informaci\u00f3n en su organizaci\u00f3n, mantiene continuamente la supervisi\u00f3n, control y evaluaci\u00f3n de sus procesos para asegurar el respecto a la privacidad y seguridad de la informaci\u00f3n, seg\u00fan los est\u00e1ndares internacionales, realizando peri\u00f3dicamente el an\u00e1lisis de riesgo y la evaluaci\u00f3n de impacto de tales tratamientos de datos personales.<\/p><p><strong><u>VIII.- Responsabilidades<\/u><\/strong><\/p><p>Los contenidos de las p\u00e1ginas web a las que los Interesados acceden a trav\u00e9s del servicio de buscador del WEBSITE son meramente informativos para todos aquellos usuarios de \u00e9stas, interesados en tales contenidos, sin que este acceso genere relaci\u00f3n comercial, contractual o profesional entre los Interesados visitantes y ASINSA SERVICIOS SANITARIOS SL&nbsp; . En caso de discrepancias entre el que se publica en cualquier&nbsp; WEBSITE propiedad de ASINSA y el apoyo papel, prevalecer\u00e1 la informaci\u00f3n contenida en este \u00faltimo apoyo.<br \/>Se excluye asimismo, cualquier responsabilidad por los da\u00f1os y perjuicios de toda naturaleza que puedan derivarse del acceso a los contenidos, informaciones, publicidad, opiniones, conceptos e im\u00e1genes, creados por terceros y facilidades a los Interesados, o bien&nbsp; por los contenidos accesibles a trav\u00e9s del buscador del WEBSITE, que sean contrarios a la ley, la moral, la buena fe y al orden p\u00fablico, infrinjan derechos de propiedad intelectual, industrial o contengan cualquier vicio, defecto, virus inform\u00e1tico o rutina de software similar.<br \/>En el momento en el cual se tuviera conocimiento que alguno de los contenidos, opiniones y conceptos alojados en el website correspondiente, fueran contrarios a la ley, la moral, la buena fe y al orden p\u00fablico o que contengan cualquier tipo de virus inform\u00e1tico o rutina de software similar, proceder\u00e1 a su retirada, comunicando tales hechos a la Autoridad de Control correspondiente. ASINSA SERVICIOS SANITARIOS SL&nbsp; excluye cualquier responsabilidad por los da\u00f1os y perjuicios de toda naturaleza que pudieran derivarse de la captaci\u00f3n y uso por parte de terceros colaboradores de las informaciones, publicidad, y opiniones facilitadas por los Interesados al website. En cualquier caso ASINSA SERVICIOS SANITARIOS SL&nbsp; no se hace responsable de los contenidos, informaciones e im\u00e1genes que no dependan directamente del website mantenido por ASINSA, ni sean gestionados por ella; aunque aparezcan en el website en virtud de un convenio de colaboraci\u00f3n firmado o pactado, actual o futuro por ASINSA SERVICIOS SANITARIOS SL , repitiendo en contra por la responsabilidad reclamada contra el encargado del tratamiento responsable que corresponda.<\/p><p>&nbsp;<\/p><p>Exenci\u00f3n de responsabilidad por el funcionamiento del WEBSITE:<br \/>ASINSA SERVICIOS SANITARIOS SL presta sus servicios y contenidos de forma continuada empleando todos los medios t\u00e9cnicos a su alcance para realizar esta prestaci\u00f3n de forma satisfactoria. Por consiguiente, ASINSA SERVICIOS SANITARIOS SL&nbsp; podr\u00e1, cuando lo considere conveniente, realizar correcciones, mejoras o modificaciones en la informaci\u00f3n contenida en la web, en los SERVICIOS, o en los CONTENIDOS sin que esto d\u00e9 lugar ni derecho a ninguna reclamaci\u00f3n o indemnizaci\u00f3n, ni implique reconocimiento de &nbsp;&nbsp;ninguna responsabilidad. Tampoco&nbsp; se hace responsable por los da\u00f1os y perjuicios de toda naturaleza que pudieran derivarse de la indisponibilidad y\/o discontinuidad t\u00e9cnica del funcionamiento de la web. En cualquier caso, se llevar\u00e1n a cabo todas las actuaciones necesarias para restablecer sus servicios en caso de fallo t\u00e9cnico.<\/p><p>Exenci\u00f3n de responsabilidad por contenidos facilitados por ASINSA SERVICIOS SANITARIOS SL&nbsp; a sus Interesados a trav\u00e9s del WEBSITE, y aquellos accesibles a trav\u00e9s del buscador del WEBSITE: PROPIEDAD INTELECTUAL DE LOS CONTENIDOS DEL WEBSITE.<br \/>Los textos (informaciones, conceptos, opiniones y otros an\u00e1logos) y elementos gr\u00e1ficos (fotograf\u00edas, dise\u00f1o, logos, c\u00f3digo fuente y otros an\u00e1logos) que constituyen la p\u00e1gina web y se difunden&nbsp; a trav\u00e9s de \u00e9sta , as\u00ed como su presentaci\u00f3n y montaje, son titularidad exclusiva de ASINSA SERVICIOS SANITARIOS SL&nbsp;&nbsp; que ostenta todos los derechos de explotaci\u00f3n de estos a trav\u00e9s de acuerdos con terceros. En este sentido, se constituyen como obras protegidas por el conjunto de la regulaci\u00f3n espa\u00f1ola y comunitaria en el \u00e1mbito de la propiedad intelectual, conforme al Real decreto legislativo 1\/1996, de 12 de abril, por el cual se aprueba el Texto Refundido de la Ley de Propiedad Intelectual y la Ley 5\/1998, de 6 de marzo, de Incorporaci\u00f3n al Derecho Espa\u00f1ol de la Directiva 96\/9\/CE sobre la Protecci\u00f3n Jur\u00eddica de las Bases de datos, result\u00e1ndolos as\u00ed mismo de aplicaci\u00f3n los tratados internacionales subscritos en este campo. En consecuencia,&nbsp; no se concede licencia de uso o autorizaci\u00f3n alguna sobre sus derechos de propiedad industrial e intelectual o sobre cualquier otra propiedad o derecho relacionado con el website, excepto acuerdos espec\u00edficos con terceros. Los Interesados podr\u00e1n llevar a cabo la reproducci\u00f3n de los contenidos del website con el \u00fanico fin de proceder a su almacenamiento, o a su impresi\u00f3n sobre papel para uso privado. Al margen de lo expuesto&nbsp; anteriormente, queda prohibida toda reproducci\u00f3n, distribuci\u00f3n, transformaci\u00f3n, presentaci\u00f3n, total o parcial, del contenido del website o de alguno de sus elementos, de forma directa o indirecta por redes telem\u00e1ticas o apoyos an\u00e1logos, con un fin comercial dirigido al p\u00fablico o para una utilizaci\u00f3n m\u00e1s all\u00e1 de las mencionadas, todav\u00eda citando la fuente, siempre que no se cuente con la autorizaci\u00f3n expresa y por escrito de ASINSA SERVICIOS SANITARIOS SL&nbsp; y si procede de terceros colaboradores. El incumplimiento de lo indicado&nbsp; anteriormente, facultar\u00e1 a ASINSA SERVICIOS SANITARIOS SL&nbsp; para interponer las acciones legales pertinentes.<br \/>Quedan especialmente prohibidas:<br \/>- La presentaci\u00f3n de una p\u00e1gina del website en una marco de otra p\u00e1gina web que no pertenezca a ASINSA SERVICIOS SANITARIOS SL , mediante la t\u00e9cnica denominada \"framing\" a menos que cuente con el expreso consentimiento por escrito de ASINSA SERVICIOS SANITARIOS SL.<br \/>- La inserci\u00f3n de una imagen que haya estado o est\u00e9 siendo difundida en el website, en una p\u00e1gina o base de datos, que no pertenezca a ASINSA SERVICIOS SANITARIOS SL , mediante la t\u00e9cnica denominada \"in line linking\",&nbsp; siempre que esto no cuente con la expresa autorizaci\u00f3n de ASINSA SERVICIOS SANITARIOS SL.<br \/>- La extracci\u00f3n y uso de elementos del website causante, o no, de cualquier perjuicio a ASINSA SERVICIOS SANITARIOS SL , conforme a las disposiciones del Real decreto legislativo 1\/1996, de 12 de abril, por el cual se aprueba el Texto Refundido de la Ley de Propiedad Intelectual y la Ley 5\/1998, de 6 de marzo, de Incorporaci\u00f3n al Derecho Espa\u00f1ol de la Directiva 96\/9\/CE sobre la Protecci\u00f3n Jur\u00eddica de las Bases de datos. En consecuencia, ASINSA SERVICIOS SANITARIOS SL , tendr\u00e1 que autorizar expresamente el establecimiento de links de hipertexto (hiperv\u00ednculos) en otra website dirigidos al Home Page&nbsp; de este website o a cualquier otra p\u00e1gina interna, siempre que las correspondientes p\u00e1ginas aparezcan en una ventana completa y bajo las direcciones electr\u00f3nicas propias del mismo.<br \/>Los derechos no expresamente concedidos anteriormente quedan reservados. Todos los nombres comerciales, marcas o signos distintivos, logotipos, s\u00edmbolos, marcas mixtas, figurativas o nominativas que aparecen actualmente o en el futuro en la p\u00e1gina web pertenecen a ASINSA SERVICIOS SANITARIOS SL&nbsp; o dispone de los permisos reglamentarios para su uso y reproducci\u00f3n, encontr\u00e1ndose protegidos por la legislaci\u00f3n vigente.<\/p><p><strong><u>IX.- Enlaces a otras webs<\/u><\/strong><\/p><p>La p\u00e1gina web de ASINSA SERVICIOS SANITARIOS SL&nbsp; puede incluir hiperv\u00ednculos en otros lugares que no son operados o controlados por ASINSA SERVICIOS SANITARIOS SL . Por esta raz\u00f3n, no se garantiza, ni se puede garantizar, as\u00ed como tampoco puede hacerse responsable de la licitud, fiabilidad, utilidad, veracidad y actualidad de los contenidos de tales sitios web o de sus pr\u00e1cticas de privacidad. Por favor,&nbsp; antes de proporcionar su&nbsp; informaci\u00f3n personal a estos sitios web ajenos a este website , tenga en cuenta que el cumplimiento en materia de protecci\u00f3n de datos puede ser diferente del nuestro.<\/p><p><strong><u>X.- Modificaci\u00f3n de la Pol\u00edtica de Privacidad<\/u><\/strong><\/p><p>ASINSA SERVICIOS SANITARIOS SL&nbsp; podr\u00e1 modificar esta Pol\u00edtica de Privacidad de acuerdo con la legislaci\u00f3n aplicable en cada momento. En todo caso, cualquier modificaci\u00f3n de la Pol\u00edtica de Privacidad, ser\u00e1 debidamente notificada al Interesado para que , quede informado de los cambios realizados en el tratamiento de sus datos personales y, en caso de que la normativa aplicable as\u00ed lo exija, el Interesado pueda otorgar su consentimiento.<\/p><\/div>\t<\/div>\r\n<\/div>\n\n\t<\/div>\r\n<\/section>\r\n<section class=\"fw-main-row\" style=\"background-color:#67686d;padding-top:15px;&quot;\">\r\n\t<div class=\"fw-container-fluid dark-bg\">\r\n\t\t<div class=\"fw-row\">\n\t\t<div class=\"fw-col-xs-12\" style=\"\">\r\n\t\t\r\n\r\n<div class=\"base tac uppercase\"  style=''>\r\n\t\t<h5>contacto<\/h5>\r\n<\/div>\t\t\r\n\t<div class=\"fw-row\">\r\n\t\t\t\t\t<!-- Icon box style1 -->\r\n\t\t\t<div class=\"icon-box fw-col-xs-12 fw-col-sm-4 \">\r\n\t\t\t\t\t\t\t\t<div class=\"icon\"><i class=\"iconfont-placeholder-2\"><\/i><\/div>\r\n\t\t\t\t\t\t\t\t<p>c \/ Numancia 47-49 ent 1\u00aa,<br>08029, Barcelona<\/p>\r\n\t\t\t\t\t\t\t<\/div>\r\n\t\t\t<!-- END Icon box style1 -->\r\n\t\t\t\t\t<!-- Icon box style1 -->\r\n\t\t\t<div class=\"icon-box fw-col-xs-12 fw-col-sm-4 \">\r\n\t\t\t\t\t\t\t\t<div class=\"icon\"><i class=\"iconfont-mail-5\"><\/i><\/div>\r\n\t\t\t\t\t\t\t\t<p>E-mail :<br>soporte@salustetic.es<\/p>\r\n\t\t\t\t\t\t\t<\/div>\r\n\t\t\t<!-- END Icon box style1 -->\r\n\t\t\t\t\t<!-- Icon box style1 -->\r\n\t\t\t<div class=\"icon-box fw-col-xs-12 fw-col-sm-4 \">\r\n\t\t\t\t\t\t\t\t<div class=\"icon\"><i class=\"iconfont-phone-call-2\"><\/i><\/div>\r\n\t\t\t\t\t\t\t\t<p>Tel: 934 051 788<\/p>\r\n\t\t\t\t\t\t\t<\/div>\r\n\t\t\t<!-- END Icon box style1 -->\r\n\t\t\t<\/div>\r\n\t<\/div>\r\n<\/div>\n\n\t<\/div>\r\n<\/section>\r\n<\/p>\n","protected":false},"excerpt":{"rendered":"<p>&nbsp;POL\u00cdTICA DE PRIVACIDADCon el fin de facilitar un desarrollo r\u00e1pido y eficaz de la relaci\u00f3n entre ASINSA SERVICIOS SANITARIOS SL y los Interesados, garantizamos mediante esta Pol\u00edtica, la privacidad de los datos personales recabados, con las exigencias legales e informamos sobre la pol\u00edtica de protecci\u00f3n de datos de car\u00e1cter personal para que&nbsp; los Interesados determinen [&hellip;]<\/p>\n","protected":false},"author":7,"featured_media":0,"parent":0,"menu_order":0,"comment_status":"closed","ping_status":"closed","template":"template-landing.php","meta":[],"acf":[],"_links":{"self":[{"href":"https:\/\/www.salustetic.es\/index.php?rest_route=\/wp\/v2\/pages\/1278"}],"collection":[{"href":"https:\/\/www.salustetic.es\/index.php?rest_route=\/wp\/v2\/pages"}],"about":[{"href":"https:\/\/www.salustetic.es\/index.php?rest_route=\/wp\/v2\/types\/page"}],"author":[{"embeddable":true,"href":"https:\/\/www.salustetic.es\/index.php?rest_route=\/wp\/v2\/users\/7"}],"replies":[{"embeddable":true,"href":"https:\/\/www.salustetic.es\/index.php?rest_route=%2Fwp%2Fv2%2Fcomments&post=1278"}],"version-history":[{"count":8,"href":"https:\/\/www.salustetic.es\/index.php?rest_route=\/wp\/v2\/pages\/1278\/revisions"}],"predecessor-version":[{"id":6030,"href":"https:\/\/www.salustetic.es\/index.php?rest_route=\/wp\/v2\/pages\/1278\/revisions\/6030"}],"wp:attachment":[{"href":"https:\/\/www.salustetic.es\/index.php?rest_route=%2Fwp%2Fv2%2Fmedia&parent=1278"}],"curies":[{"name":"wp","href":"https:\/\/api.w.org\/{rel}","templated":true}]}}